{"id":2390,"date":"2023-12-12T15:42:29","date_gmt":"2023-12-12T14:42:29","guid":{"rendered":"https:\/\/www.borddemer-camping.com\/campingplatz-tharon-plage\/"},"modified":"2023-12-12T15:42:29","modified_gmt":"2023-12-12T14:42:29","slug":"campingplatz-tharon-plage","status":"publish","type":"page","link":"https:\/\/www.borddemer-camping.com\/de\/campingplatz-tharon-plage\/","title":{"rendered":"Campingplatz Tharon-Plage"},"content":{"rendered":"\n<div class=\"wp-block-cover alignfull\"><span aria-hidden=\"true\" class=\"has-background-dim-0 wp-block-cover__gradient-background has-background-dim\"><\/span><img width=\"1920\" height=\"1020\" class=\"wp-block-cover__image-background wp-image-537\" alt=\"\" src=\"https:\/\/www.borddemer-camping.com\/wp-content\/uploads\/2022\/12\/banniere-home-borddemer.jpg\" data-object-fit=\"cover\" srcset=\"https:\/\/www.borddemer-camping.com\/wp-content\/uploads\/2022\/12\/banniere-home-borddemer.jpg 1920w, https:\/\/www.borddemer-camping.com\/wp-content\/uploads\/2022\/12\/banniere-home-borddemer-300x159.jpg 300w, https:\/\/www.borddemer-camping.com\/wp-content\/uploads\/2022\/12\/banniere-home-borddemer-1024x544.jpg 1024w, https:\/\/www.borddemer-camping.com\/wp-content\/uploads\/2022\/12\/banniere-home-borddemer-768x408.jpg 768w, https:\/\/www.borddemer-camping.com\/wp-content\/uploads\/2022\/12\/banniere-home-borddemer-1536x816.jpg 1536w\" sizes=\"(max-width: 1920px) 100vw, 1920px\" \/><div class=\"wp-block-cover__inner-container\">\n<h1 class=\"has-text-align-center\" id=\"camping-a-tharon-plage\">Campingplatz in Tharon Plage<\/h1>\n\n\n<i class=\"fa-light fa-arrow-down discover\"><\/i>\n<\/div><\/div>\n\n<div class=\"wp-container-69f9fbbcdff9a wp-block-group B-05\"><div class=\"wp-block-group__inner-container\">\n<p class=\"deco--texte-1\">Entspannung<\/p>\n\n\n\n<h2 class=\"has-text-align-center\" id=\"location-de-mobil-home-a-tharon-plage\">Mobilheimvermietung in Tharon Plage<\/h2>\n\n\n\n<p class=\"has-text-align-center titre\">Ein unvergesslicher Aufenthalt<\/p>\n\n\n\n<p class=\"has-text-align-center\">F\u00fcr einen Aufenthalt im Freien, der nur einen Katzensprung vom Ozean entfernt ist, entscheiden Sie sich f\u00fcr eine Unterkunft auf unserem <strong>Campingplatz in Tharon-Plage<\/strong>. Unsere 3-Sterne-Einrichtung befindet sich in <strong>Saint-Michel-Chef-Chef<\/strong>, einer <strong>Gemeinde im D\u00e9partement Loire-Atlantique<\/strong> mit vielen Sehensw\u00fcrdigkeiten. Verbringen Sie einen unvergesslichen Urlaub an der <strong>Jadek\u00fcste<\/strong>!<\/p>\n\n\n\n<p class=\"has-text-align-center\">Die <strong>Domaine du Bord de Mer in der N\u00e4he des Strandes von Tharon<\/strong> empf\u00e4ngt Sie in <a href=\"https:\/\/www.borddemer-camping.com\/locations\/\" data-type=\"page\" data-id=\"680\">komfortablen Mobilheimen<\/a>. Mit 1 bis 3 Schlafzimmern finden Sie garantiert die passende Unterkunft f\u00fcr Ihre Familie und Ihr Budget. Die Inneneinrichtung bietet Ihnen alle Annehmlichkeiten, die Sie f\u00fcr einen gelungenen Aufenthalt in der Natur ben\u00f6tigen:<\/p>\n\n\n\n<p class=\"has-text-align-center\">Alle unsere Mobilheime verf\u00fcgen \u00fcber eine Holzterrasse mit Gartenm\u00f6beln. So k\u00f6nnen Sie den ruhigen und erholsamen Au\u00dfenbereich genie\u00dfen, w\u00e4hrend Sie den Blick auf den Atlantischen Ozean bewundern. F\u00fcr einen ungew\u00f6hnlichen Urlaub auf einem <strong>Campingplatz in Tharon plage<\/strong> k\u00f6nnen Sie sich auch f\u00fcr die Anmietung eines Chalets, eines Zeltbungalows, eines Lodge-Zelts oder eines Zigeunerwagens entscheiden! Kinder lieben es.<\/p>\n\n\n\n<div class=\"wp-container-69f9fbbcdfc3c wp-block-group pictos\">\n<div class=\"wp-container-69f9fbbcdf256 wp-block-group\">\n<i class=\"fa-light fa-refrigerator\"><\/i>\n\n\n\n<p><strong>Ausgestattete<\/strong> K\u00fcche<\/p>\n<\/div>\n\n\n\n<div class=\"wp-container-69f9fbbcdf5de wp-block-group\">\n<i class=\"fa-light fa-bolt\"><\/i>\n\n\n\n<p><strong>Elektrischer<\/strong> Konvektor<\/p>\n<\/div>\n\n\n\n<div class=\"wp-container-69f9fbbcdf931 wp-block-group\">\n<i class=\"fa-light fa-shower-down\"><\/i>\n\n\n\n<p>Toilette und <strong>Badezimmer<\/strong><\/p>\n<\/div>\n<\/div>\n\n\n\n<p class=\"deco--texte-2\">Flucht<\/p>\n<\/div><\/div>\n\n<div class=\"wp-block-columns B-15\">\n<div class=\"wp-block-column\" style=\"flex-basis:70%\">\n<figure class=\"wp-block-image size-full\"><img width=\"2000\" height=\"1333\" src=\"https:\/\/www.borddemer-camping.com\/wp-content\/uploads\/2022\/12\/espace-aquatique-2.jpg\" alt=\"\" class=\"wp-image-593\" srcset=\"https:\/\/www.borddemer-camping.com\/wp-content\/uploads\/2022\/12\/espace-aquatique-2.jpg 2000w, https:\/\/www.borddemer-camping.com\/wp-content\/uploads\/2022\/12\/espace-aquatique-2-300x200.jpg 300w, https:\/\/www.borddemer-camping.com\/wp-content\/uploads\/2022\/12\/espace-aquatique-2-1024x682.jpg 1024w, https:\/\/www.borddemer-camping.com\/wp-content\/uploads\/2022\/12\/espace-aquatique-2-768x512.jpg 768w, https:\/\/www.borddemer-camping.com\/wp-content\/uploads\/2022\/12\/espace-aquatique-2-1536x1024.jpg 1536w\" sizes=\"(max-width: 2000px) 100vw, 2000px\" \/><\/figure>\n<\/div>\n\n\n\n<div class=\"wp-block-column is-vertically-aligned-center has-blanc-background-color has-background\">\n<h2 class=\"has-text-align-left\" id=\"piscine-chauffee-et-couverte\">Beheizter und \u00fcberdachter Pool<\/h2>\n\n\n\n<p class=\"has-text-align-left titre\">Entspannen Sie sich<\/p>\n\n\n\n<p>Der<strong>Campingplatz liegt<\/strong> nicht nur in unmittelbarer<strong>N\u00e4he des gro\u00dfen Strandes von Tharon<\/strong>, sondern Sie k\u00f6nnen auch das <a href=\"https:\/\/www.borddemer-camping.com\/espace-aquatique\/\" data-type=\"page\" data-id=\"737\">beheizte Hallenbad<\/a> nutzen. So k\u00f6nnen auch die frierendsten Menschen das Baden genie\u00dfen. Der Ozean ist angenehm, aber manchmal etwas k\u00fchl&#8230; Die Kinder werden es lieben, zwischen dem Sprung in die Wellen und ruhigeren Spielen im Planschbecken abzuwechseln, w\u00e4hrend Sie sich in einem harmonisch geformten Becken entspannen.<\/p>\n\n\n\n<p>Der Wasserbereich ist durch eine vollst\u00e4ndig verglaste \u00dcberdachung abgedeckt, deren Fenster sich weit nach au\u00dfen \u00f6ffnen lassen. Sowohl die Luft- als auch die Wassertemperatur sind dadurch ideal. F\u00fcr Ihr Wohlbefinden stehen Liegest\u00fchle rund um den Pool bereit, im Inneren des Pools, aber auch au\u00dferhalb, um das Solarium zu nutzen. Ein Whirlpoolbereich nur f\u00fcr Erwachsene erg\u00e4nzt den Park und sorgt f\u00fcr absolute Entspannung.<\/p>\n\n\n\n<p class=\"has-text-align-right deco--texte-1 deco--texte-1-out\">Friedlich<\/p>\n<\/div>\n<\/div>\n\n<div class=\"wp-container-69f9fbbce2c29 wp-block-group B-05\"><div class=\"wp-block-group__inner-container\">\n<h2 class=\"has-text-align-center\" id=\"location-de-mobil-home-a-tharon-plage\">Aktivit\u00e4ten und Dienstleistungen des Campingplatzes<\/h2>\n\n\n\n<p class=\"has-text-align-center titre\">Ein kompletter Urlaub<\/p>\n\n\n\n<p class=\"has-text-align-center\">Unser <strong>Campingplatz in Tharon-Plage<\/strong> bietet Ihnen Ruhe und Gelassenheit. Vor Ort haben wir uns viele <a href=\"https:\/\/www.borddemer-camping.com\/loisirs\/\" data-type=\"page\" data-id=\"758\">Aktivit\u00e4ten<\/a> ausgedacht, um <a href=\"https:\/\/www.borddemer-camping.com\/loisirs\/\" data-type=\"page\" data-id=\"758\">Ihre Kinder zu besch\u00e4ftigen<\/a>, damit Sie alle Zeit der Welt haben, um sich zu erholen. Sie k\u00f6nnen sich sicher durch unsere Einrichtung bewegen und die verschiedenen Orte erreichen, die f\u00fcr sie gemacht sind:<\/p>\n\n\n\n<p class=\"has-text-align-center\">Nat\u00fcrlich k\u00f6nnen Sie die Zeit auch nutzen, um Zeit mit Ihren Kleinkindern zu verbringen und mit ihnen zu spielen! Ein Bouleplatz ist ebenfalls vorhanden. Au\u00dferdem <a href=\"https:\/\/www.borddemer-camping.com\/services\/\" data-type=\"page\" data-id=\"798\">werden Ihnen<\/a> zahlreiche <a href=\"https:\/\/www.borddemer-camping.com\/services\/\" data-type=\"page\" data-id=\"798\">Dienstleistungen angeboten, um Ihren Aufenthalt<\/a> zu <a href=\"https:\/\/www.borddemer-camping.com\/services\/\" data-type=\"page\" data-id=\"798\">erleichtern<\/a>: Snackbar mit Gerichten zum Mitnehmen oder zum Verzehr vor Ort, Fr\u00fchst\u00fcckskorb, Brotverkauf zur Verf\u00fcgung in der Hochsaison. Das ganze Jahr \u00fcber gibt es einen WLAN-Zugang, eine Waschk\u00fcche, den Verleih von Babyausstattung und Hausw\u00e4sche.<\/p>\n\n\n\n<div class=\"wp-container-69f9fbbce2920 wp-block-group pictos\">\n<div class=\"wp-container-69f9fbbce04a5 wp-block-group\">\n<i class=\"fa-light fa-baby\"><\/i>\n\n\n\n<p><strong>Spielplatz<\/strong><\/p>\n<\/div>\n\n\n\n<div class=\"wp-container-69f9fbbce1f4f wp-block-group\">\n<i class=\"fa-light fa-table-tennis-paddle-ball\"><\/i>\n\n\n\n<p><strong>Tischtennistisch<\/strong><\/p>\n<\/div>\n\n\n\n<div class=\"wp-container-69f9fbbce22b8 wp-block-group\">\n<i class=\"fa-light fa-futbol\"><\/i>\n\n\n\n<p><strong>Kickertisch<\/strong><\/p>\n<\/div>\n\n\n\n<div class=\"wp-container-69f9fbbce2618 wp-block-group\">\n<i class=\"fa-light fa-books\"><\/i>\n\n\n\n<p>Fernsehbereich und <strong>Bibliothek<\/strong><\/p>\n<\/div>\n<\/div>\n<\/div><\/div>\n\n<div class=\"wp-block-columns B-25\">\n<div class=\"wp-block-column\" style=\"flex-basis:40%\">\n<h2 class=\"has-text-align-left\" id=\"camping-a-saint-michel-chef-chef-bienvenue-au-camping-3-etoiles-du-bord-de-mer\">Entdecken Sie Tharon Plage in Saint Michel Chef Chef<\/h2>\n\n\n\n<p class=\"has-text-align-left titre\">Ein perfekter Standort<\/p>\n\n\n\n<p>Der <a href=\"https:\/\/www.borddemer-camping.com\/de\/\" data-type=\"page\" data-id=\"5\">Campingplatz du Bord de Mer<\/a> ist ideal gelegen, 50 Kilometer von Nantes entfernt und liegt an einer ber\u00fchmten K\u00fcste. <strong>Tharon-Plage ist der Badeort von Saint-Michel-Chef-Chef<\/strong>, einer Gemeinde, die als Heimat der fabelhaften Galettes Saint-Michel bekannt ist.<\/p>\n\n\n\n<p>Seine <strong>Sandstr\u00e4nde erstrecken sich \u00fcber mehrere Kilometer<\/strong>. Au\u00dferdem tr\u00e4gt sie f\u00fcr die Qualit\u00e4t ihrer Badegew\u00e4sser das <strong>G\u00fctesiegel &#8220;Pavillon Bleu&#8221; (Blaue Flag<\/strong> ge). Bei starken Gezeiten zieht sich der Ozean weit genug zur\u00fcck, um zu Fu\u00df zu angeln &#8211; eine Aktivit\u00e4t, die Kinder lieben.<\/p>\n\n\n\n<p><strong>Tharon Plage ist ebenfalls ein gr\u00fcner Ferienort<\/strong>. Sie werden die Dutzenden von Kilometern an Radwegen zu sch\u00e4tzen wissen. Die <strong>Pointe Saint-Gildas<\/strong> oder <a href=\"https:\/\/www.borddemer-camping.com\/alentours\/pornic\/\" data-type=\"alentours\" data-id=\"1226\">Pornic <\/a>sind nur 9 km entfernt. Es gibt mehrere markierte Wanderwege, auf denen Sie die Natursch\u00e4tze entdecken k\u00f6nnen, die das <strong>Pays de Retz<\/strong> seinen Besuchern bietet.<\/p>\n\n\n\n<p>Vergessen Sie schlie\u00dflich nicht, die lokalen Produkte zu probieren, die Sie auf dem Markt oder in den Restaurants von <a href=\"https:\/\/www.pornic.com\/grande-plage-de-tharon.html\" target=\"_blank\" rel=\"noreferrer noopener\">Tharon Plage<\/a> finden. Das Stadtzentrum ist ganz in der N\u00e4he.<\/p>\n<\/div>\n\n\n\n<div class=\"wp-block-column\">\n<figure class=\"wp-block-image size-full\"><img width=\"2000\" height=\"1333\" src=\"https:\/\/www.borddemer-camping.com\/wp-content\/uploads\/2022\/12\/vue-pecheries.jpg\" alt=\"\" class=\"wp-image-774\" srcset=\"https:\/\/www.borddemer-camping.com\/wp-content\/uploads\/2022\/12\/vue-pecheries.jpg 2000w, https:\/\/www.borddemer-camping.com\/wp-content\/uploads\/2022\/12\/vue-pecheries-300x200.jpg 300w, https:\/\/www.borddemer-camping.com\/wp-content\/uploads\/2022\/12\/vue-pecheries-1024x682.jpg 1024w, https:\/\/www.borddemer-camping.com\/wp-content\/uploads\/2022\/12\/vue-pecheries-768x512.jpg 768w, https:\/\/www.borddemer-camping.com\/wp-content\/uploads\/2022\/12\/vue-pecheries-1536x1024.jpg 1536w\" sizes=\"(max-width: 2000px) 100vw, 2000px\" \/><\/figure>\n<\/div>\n<\/div>\n","protected":false},"excerpt":{"rendered":"<p>Entspannung Mobilheimvermietung in Tharon Plage Ein unvergesslicher Aufenthalt F\u00fcr einen Aufenthalt im Freien, der nur einen Katzensprung vom Ozean entfernt ist, entscheiden Sie sich f\u00fcr eine Unterkunft auf unserem Campingplatz in Tharon-Plage. Unsere 3-Sterne-Einrichtung befindet sich in Saint-Michel-Chef-Chef, einer Gemeinde im D\u00e9partement Loire-Atlantique mit vielen Sehensw\u00fcrdigkeiten. Verbringen Sie einen unvergesslichen Urlaub an der Jadek\u00fcste! Die [&hellip;]<\/p>\n","protected":false},"author":1,"featured_media":0,"parent":0,"menu_order":0,"comment_status":"closed","ping_status":"closed","template":"","meta":[],"acf":[],"_links":{"self":[{"href":"https:\/\/www.borddemer-camping.com\/de\/wp-json\/wp\/v2\/pages\/2390"}],"collection":[{"href":"https:\/\/www.borddemer-camping.com\/de\/wp-json\/wp\/v2\/pages"}],"about":[{"href":"https:\/\/www.borddemer-camping.com\/de\/wp-json\/wp\/v2\/types\/page"}],"author":[{"embeddable":true,"href":"https:\/\/www.borddemer-camping.com\/de\/wp-json\/wp\/v2\/users\/1"}],"replies":[{"embeddable":true,"href":"https:\/\/www.borddemer-camping.com\/de\/wp-json\/wp\/v2\/comments?post=2390"}],"version-history":[{"count":1,"href":"https:\/\/www.borddemer-camping.com\/de\/wp-json\/wp\/v2\/pages\/2390\/revisions"}],"predecessor-version":[{"id":2391,"href":"https:\/\/www.borddemer-camping.com\/de\/wp-json\/wp\/v2\/pages\/2390\/revisions\/2391"}],"wp:attachment":[{"href":"https:\/\/www.borddemer-camping.com\/de\/wp-json\/wp\/v2\/media?parent=2390"}],"curies":[{"name":"wp","href":"https:\/\/api.w.org\/{rel}","templated":true}]}}