{"id":2403,"date":"2023-12-12T15:46:47","date_gmt":"2023-12-12T14:46:47","guid":{"rendered":"https:\/\/www.borddemer-camping.com\/wasserraum\/"},"modified":"2024-09-09T09:12:15","modified_gmt":"2024-09-09T07:12:15","slug":"wasserraum","status":"publish","type":"page","link":"https:\/\/www.borddemer-camping.com\/de\/wasserraum\/","title":{"rendered":"Wasserraum"},"content":{"rendered":"\n<div class=\"wp-block-cover alignfull is-light\"><span aria-hidden=\"true\" class=\"has-background-dim-0 wp-block-cover__gradient-background has-background-dim\"><\/span><img width=\"2000\" height=\"1333\" class=\"wp-block-cover__image-background wp-image-593\" alt=\"\" src=\"https:\/\/www.borddemer-camping.com\/wp-content\/uploads\/2022\/12\/espace-aquatique-2.jpg\" data-object-fit=\"cover\" srcset=\"https:\/\/www.borddemer-camping.com\/wp-content\/uploads\/2022\/12\/espace-aquatique-2.jpg 2000w, https:\/\/www.borddemer-camping.com\/wp-content\/uploads\/2022\/12\/espace-aquatique-2-300x200.jpg 300w, https:\/\/www.borddemer-camping.com\/wp-content\/uploads\/2022\/12\/espace-aquatique-2-1024x682.jpg 1024w, https:\/\/www.borddemer-camping.com\/wp-content\/uploads\/2022\/12\/espace-aquatique-2-768x512.jpg 768w, https:\/\/www.borddemer-camping.com\/wp-content\/uploads\/2022\/12\/espace-aquatique-2-1536x1024.jpg 1536w\" sizes=\"(max-width: 2000px) 100vw, 2000px\" \/><div class=\"wp-block-cover__inner-container\">\n<h1 class=\"has-text-align-center\" id=\"pour-les-petits-et-les-grands-camping-avec-piscine-a-saint-michel-chef-chef\">F\u00fcr Gro\u00df und Klein: Campingplatz mit Schwimmbad in Saint-Michel-Chef-Chef<\/h1>\n\n\n<i class=\"fa-light fa-arrow-down discover\"><\/i>\n<\/div><\/div>\n\n\n\n<div class=\"wp-container-69e076df65cba wp-block-group B-05\"><div class=\"wp-block-group__inner-container\">\n<p class=\"deco--texte-1\">Angenehm<\/p>\n\n\n\n<h2 class=\"has-text-align-center\" id=\"camping-loire-atlantique-avec-piscine-couverte-et-chauffee\">Campingplatz Loire-Atlantique mit beheiztem Hallenbad<\/h2>\n\n\n\n<p class=\"has-text-align-center titre\">Entspannen Sie sich<\/p>\n\n\n\n<h3 class=\"has-text-align-center\" id=\"location-mobil-home-confort-a-saint-michel-chef-chef\">Ihr beheiztes Hallenbad, das noch n\u00e4her am Strand liegt<\/h3>\n\n\n\n<p class=\"has-text-align-center\">Ein <a href=\"https:\/\/www.borddemer-camping.com\/de\/\">Campingplatz mit Schwimmbad in Saint-Michel-Chef-Chef in der Region Loire-Atlantique<\/a> ist heute unumg\u00e4nglich. Ein regnerischer oder etwas k\u00fchler Tag ist immer m\u00f6glich. In solchen F\u00e4llen ist das Baden im Meer den Unerschrockenen vorbehalten, aber Sie haben trotzdem das Recht, den <strong>Badespa\u00df<\/strong> trotz allem zu genie\u00dfen. Vor allem, wenn Sie Kinder haben, ist es ideal, unseren <strong>Campingplatz in Loire Atlantique mit Hallenbad<\/strong> zu nutzen.<\/p>\n\n\n\n<div class=\"wp-block-group lire-plus-mobile\"><div class=\"wp-block-group__inner-container\">\n<p class=\"has-text-align-center\">Lesen Sie mehr<\/p>\n\n\n\n<div class=\"wp-container-69e076df65630 wp-block-group\"><div class=\"wp-block-group__inner-container\">\n<p class=\"has-text-align-center\">Bleiben Sie auf unserem <strong>Campingplatz Loire Atlantique mit Schwimmbad<\/strong> und genie\u00dfen Sie das <strong>Schwimmen<\/strong>, Faulenzen in der Sonne, Solarium und Wasserspiele. Und dann gibt es Tage, an denen man sich mehr nach seinem kleinen Komfort in unserem <strong>Hallenbad<\/strong> sehnt! Das Schwimmbad des Campingplatzes ist der perfekte Ort, um sich mit den Kindern zu entspannen, das Schwimmen zu genie\u00dfen, Urlauber und Camper kennenzulernen und sich auf den Liegest\u00fchlen zu sonnen.<\/p>\n\n\n\n<p class=\"has-text-align-center\">Von April bis September empf\u00e4ngt Sie Ihr <strong>beheiztes Hallenbad<\/strong> unabh\u00e4ngig vom Wetter und Ihrer momentanen Stimmung.<\/p>\n<\/div><\/div>\n<\/div><\/div>\n\n\n\n<div class=\"wp-container-69e076df659a5 wp-block-buttons\">\n<div class=\"wp-block-button is-style-fill btn_resa\"><a class=\"wp-block-button__link\"><i class=\"fa-light fa-search\"><\/i> Buchen<\/a><\/div>\n<\/div>\n\n\n\n<p class=\"deco--texte-2\">Entspannend<\/p>\n<\/div><\/div>\n\n\n\n<div class=\"wp-block-columns B-15\">\n<div class=\"wp-block-column\" style=\"flex-basis:70%\">\n<figure class=\"wp-block-image size-full\"><img width=\"2000\" height=\"1333\" src=\"https:\/\/www.borddemer-camping.com\/wp-content\/uploads\/2022\/12\/espace-aquatique_3.jpg\" alt=\"\" class=\"wp-image-739\" srcset=\"https:\/\/www.borddemer-camping.com\/wp-content\/uploads\/2022\/12\/espace-aquatique_3.jpg 2000w, https:\/\/www.borddemer-camping.com\/wp-content\/uploads\/2022\/12\/espace-aquatique_3-300x200.jpg 300w, https:\/\/www.borddemer-camping.com\/wp-content\/uploads\/2022\/12\/espace-aquatique_3-1024x682.jpg 1024w, https:\/\/www.borddemer-camping.com\/wp-content\/uploads\/2022\/12\/espace-aquatique_3-768x512.jpg 768w, https:\/\/www.borddemer-camping.com\/wp-content\/uploads\/2022\/12\/espace-aquatique_3-1536x1024.jpg 1536w\" sizes=\"(max-width: 2000px) 100vw, 2000px\" \/><\/figure>\n<\/div>\n\n\n\n<div class=\"wp-block-column is-vertically-aligned-center has-blanc-background-color has-background\">\n<h2 class=\"has-text-align-left\" id=\"un-espace-aquatique-a-saint-michel-chef-chef\">Ein Wasserpark in Saint Michel Chef Chef<\/h2>\n\n\n\n<p class=\"has-text-align-left titre\">Entfliehen Sie<\/p>\n\n\n\n<h3 class=\"has-text-align-left\" id=\"location-mobil-home-confort-a-saint-michel-chef-chef\">Beheizter Swimmingpool f\u00fcr die ganze Familie<\/h3>\n\n\n\n<p>Eine  <strong>Balneoecke<\/strong>  f\u00fcr Ihr Wohlbefinden eine  <strong>Planschbecken<\/strong>  wo Ihre Kinder sicher herumtollen k\u00f6nnen, ein  <strong>Solarium<\/strong>  angrenzend mit Liegest\u00fchlen f\u00fcr Ihre Sonnenb\u00e4der&#8230; Ihr  <strong>beheizter Pool zwischen ca. 22 und 28\u00b0C  <\/strong>ist der Ort der Entspannung und des Vergn\u00fcgens f\u00fcr Gro\u00df und Klein. Im Pool k\u00f6nnen Sie schwimmen oder an Wassergymnastikkursen teilnehmen. Sie k\u00f6nnen auch einen Platz im Freien nutzen, um sich auf einer der Sonnenliegen rund um den Pool zu entspannen.<\/p>\n\n\n\n<div class=\"wp-container-69e076df660c4 wp-block-buttons\">\n<div class=\"wp-block-button\"><a class=\"wp-block-button__link\" href=\"\" target=\"_blank\" rel=\"noreferrer noopener\">Wellness-Bereich<\/a><\/div>\n<\/div>\n<\/div>\n<\/div>\n\n\n\n<div class=\"wp-container-69e076df66439 wp-block-group alignfull deco--container\"><div class=\"wp-block-group__inner-container\">\n<p class=\"deco--texte-3\">Entspannung<\/p>\n\n\n\n<p class=\"has-text-align-right deco--texte-4\">Ausruhen<\/p>\n<\/div><\/div>\n\n\n\n<div class=\"wp-block-media-text alignwide has-media-on-the-right is-stacked-on-mobile is-image-fill B-30\"><figure class=\"wp-block-media-text__media\" style=\"background-image:url(https:\/\/www.borddemer-camping.com\/wp-content\/uploads\/2022\/12\/espace-aquatique-1024x682.jpg);background-position:50% 50%\"><img width=\"1024\" height=\"682\" src=\"https:\/\/www.borddemer-camping.com\/wp-content\/uploads\/2022\/12\/espace-aquatique-1024x682.jpg\" alt=\"\" class=\"wp-image-748 size-full\" srcset=\"https:\/\/www.borddemer-camping.com\/wp-content\/uploads\/2022\/12\/espace-aquatique-1024x682.jpg 1024w, https:\/\/www.borddemer-camping.com\/wp-content\/uploads\/2022\/12\/espace-aquatique-300x200.jpg 300w, https:\/\/www.borddemer-camping.com\/wp-content\/uploads\/2022\/12\/espace-aquatique-768x512.jpg 768w, https:\/\/www.borddemer-camping.com\/wp-content\/uploads\/2022\/12\/espace-aquatique-1536x1024.jpg 1536w, https:\/\/www.borddemer-camping.com\/wp-content\/uploads\/2022\/12\/espace-aquatique.jpg 2000w\" sizes=\"(max-width: 1024px) 100vw, 1024px\" \/><\/figure><div class=\"wp-block-media-text__content\">\n<h2 class=\"has-text-align-left\" id=\"un-espace-aquatique-a-saint-michel-chef-chef\">Am Pool entspannen<\/h2>\n\n\n\n<p class=\"has-text-align-left titre\">Genie\u00dfen Sie einen unvergesslichen Aufenthalt<\/p>\n\n\n\n<p>Wenn Sie f\u00fcr Ihren n\u00e4chsten Urlaub einen Campingplatz mit Swimmingpool suchen, dann ist unser <strong>3-Sterne-Campingplatz am Meer<\/strong> genau das Richtige f\u00fcr Sie. Der Campingplatz liegt an der Atlantikk\u00fcste Frankreichs, zwischen <a href=\"https:\/\/www.borddemer-camping.com\/alentours\/pornic\/\">Pornic <\/a>und <a href=\"https:\/\/www.borddemer-camping.com\/de\/campingplatz-in-saint-brevin-les-pins\/\">Saint Brevin<\/a>. Der Campingplatz bietet verschiedene <a href=\"https:\/\/www.borddemer-camping.com\/locations\/\">Ferienunterk\u00fcnfte in Saint Michel Chef Chef<\/a> wie <strong>Mobilheime<\/strong>, <strong>Bungalows <\/strong>und <strong>Chalets <\/strong>sowie <a href=\"https:\/\/www.borddemer-camping.com\/de\/standorte\/\">Campingpl\u00e4tze<\/a>. Es gibt auch Wasserspiele und einen Wasserpark f\u00fcr Kinder mit Planschbecken und Solarium.<\/p>\n\n\n\n<div class=\"wp-block-group lire-plus-mobile\"><div class=\"wp-block-group__inner-container\">\n<p>Lesen Sie mehr<\/p>\n\n\n\n<div class=\"wp-container-69e076df667e7 wp-block-group\"><div class=\"wp-block-group__inner-container\">\n<p>M\u00f6chten Sie Ihren n\u00e4chsten Urlaub an einem Ort verbringen, an dem Sie das Wasser genie\u00dfen k\u00f6nnen? Dann ist der Campingplatz Loire Atlantique mit Schwimmbad genau das Richtige f\u00fcr Sie. Er verf\u00fcgt \u00fcber einen Wasserpark, einen Spielplatz und Mobilheime. Es bietet au\u00dferdem Wasserspiele und einen Swimmingpool. Sie k\u00f6nnen sich hier f\u00fcr einen Campingurlaub aufhalten oder mit Ihrer Familie oder Ihren Freunden in den Urlaub fahren.<\/p>\n<\/div><\/div>\n<\/div><\/div>\n\n\n\n<div class=\"wp-container-69e076df66b21 wp-block-buttons\">\n<div class=\"wp-block-button is-style-fill btn_resa\"><a class=\"wp-block-button__link\"><i class=\"fa-light fa-search\"><\/i> Buchen<\/a><\/div>\n<\/div>\n<\/div><\/div>\n","protected":false},"excerpt":{"rendered":"<p>Angenehm Campingplatz Loire-Atlantique mit beheiztem Hallenbad Entspannen Sie sich Ihr beheiztes Hallenbad, das noch n\u00e4her am Strand liegt Ein Campingplatz mit Schwimmbad in Saint-Michel-Chef-Chef in der Region Loire-Atlantique ist heute unumg\u00e4nglich. Ein regnerischer oder etwas k\u00fchler Tag ist immer m\u00f6glich. In solchen F\u00e4llen ist das Baden im Meer den Unerschrockenen vorbehalten, aber Sie haben trotzdem [&hellip;]<\/p>\n","protected":false},"author":1,"featured_media":0,"parent":0,"menu_order":0,"comment_status":"closed","ping_status":"closed","template":"","meta":[],"acf":[],"_links":{"self":[{"href":"https:\/\/www.borddemer-camping.com\/de\/wp-json\/wp\/v2\/pages\/2403"}],"collection":[{"href":"https:\/\/www.borddemer-camping.com\/de\/wp-json\/wp\/v2\/pages"}],"about":[{"href":"https:\/\/www.borddemer-camping.com\/de\/wp-json\/wp\/v2\/types\/page"}],"author":[{"embeddable":true,"href":"https:\/\/www.borddemer-camping.com\/de\/wp-json\/wp\/v2\/users\/1"}],"replies":[{"embeddable":true,"href":"https:\/\/www.borddemer-camping.com\/de\/wp-json\/wp\/v2\/comments?post=2403"}],"version-history":[{"count":5,"href":"https:\/\/www.borddemer-camping.com\/de\/wp-json\/wp\/v2\/pages\/2403\/revisions"}],"predecessor-version":[{"id":3137,"href":"https:\/\/www.borddemer-camping.com\/de\/wp-json\/wp\/v2\/pages\/2403\/revisions\/3137"}],"wp:attachment":[{"href":"https:\/\/www.borddemer-camping.com\/de\/wp-json\/wp\/v2\/media?parent=2403"}],"curies":[{"name":"wp","href":"https:\/\/api.w.org\/{rel}","templated":true}]}}