{"id":2415,"date":"2023-12-12T15:49:53","date_gmt":"2023-12-12T14:49:53","guid":{"rendered":"https:\/\/www.borddemer-camping.com\/vermietungen\/bungalow-tithome-toile\/"},"modified":"2024-07-16T15:28:39","modified_gmt":"2024-07-16T13:28:39","slug":"bungalow-tithome-toile","status":"publish","type":"page","link":"https:\/\/www.borddemer-camping.com\/de\/vermietungen\/bungalow-tithome-toile\/","title":{"rendered":"Bungalow Tithome toil\u00e9"},"content":{"rendered":"\n<div class=\"wp-block-columns B-25\">\n<div class=\"wp-block-column\" style=\"flex-basis:40%\">\n<h2 class=\"has-text-align-left\" id=\"camping-a-saint-michel-chef-chef-bienvenue-au-camping-3-etoiles-du-bord-de-mer\">Jahrgang 2017<\/h2>\n\n\n\n<h1 class=\"titre\" id=\"bungalow-tithome-toile-1\">Bungalow Tithome toil\u00e9<\/h1>\n\n\n\n<ul class=\"pictos pictos-liste liste-mob\"><li><i class=\"fa-light fa-bed-front\"><\/i>  1 Schlafzimmer mit 1 Bett von 140 cm<\/li><li><i class=\"fa-light fa-bed\"><\/i>  1 Zimmer mit 2 oder 3 Betten von 70 (davon 1 Hochbett)<\/li><li><i class=\"fa-light fa-refrigerator\"><\/i>  Ausgestattete K\u00fcche (K\u00fchlschrank, 2 Gaskochstellen, Mikrowelle, elektrische Kaffeemaschine)<\/li><li><i class=\"fa-light fa-fork-knife\"><\/i>  Ess-\/Aufenthaltsbereich<\/li><li><i class=\"fa-light fa-bolt\"><\/i>  1 elektrischer Konverter<\/li><li><i class=\"fa-light fa-toilet\"><\/i>  WC (kein Waschraum)<\/li><li><i class=\"fa-light fa-table-picnic\"><\/i>  12m\u00b2 gro\u00dfe Leinenterrasse mit Gartenm\u00f6beln<\/li><\/ul>\n<\/div>\n\n\n\n<div class=\"wp-block-column\">\n<p><strong>Das Plus von Ad\u00e8le:<\/strong> Ihr Willkommensgeschenk, das Sie bei Ihrer Ankunft erhalten (f\u00fcr jede Vermietung eines Mobilheims, Zigeunerwagens oder Chalets, in der Saison, mindestens 7 N\u00e4chte)<\/p>\n\n\n\n<figure class=\"wp-block-gallery has-nested-images columns-3 is-cropped diaporama--2\">\n<figure class=\"wp-block-image size-large\"><img width=\"1024\" height=\"684\" src=\"https:\/\/www.borddemer-camping.com\/wp-content\/uploads\/2022\/12\/Cuisine-equipee-Tithome-1024x684.jpg\" alt=\"\" class=\"wp-image-1078\" srcset=\"https:\/\/www.borddemer-camping.com\/wp-content\/uploads\/2022\/12\/Cuisine-equipee-Tithome-1024x684.jpg 1024w, https:\/\/www.borddemer-camping.com\/wp-content\/uploads\/2022\/12\/Cuisine-equipee-Tithome-300x201.jpg 300w, https:\/\/www.borddemer-camping.com\/wp-content\/uploads\/2022\/12\/Cuisine-equipee-Tithome-768x513.jpg 768w, https:\/\/www.borddemer-camping.com\/wp-content\/uploads\/2022\/12\/Cuisine-equipee-Tithome.jpg 1200w\" sizes=\"(max-width: 1024px) 100vw, 1024px\" \/><\/figure>\n\n\n\n<figure class=\"wp-block-image size-large\"><img width=\"1024\" height=\"449\" src=\"https:\/\/www.borddemer-camping.com\/wp-content\/uploads\/2022\/12\/Chambre-enfants-1024x449.jpg\" alt=\"\" class=\"wp-image-1082\" srcset=\"https:\/\/www.borddemer-camping.com\/wp-content\/uploads\/2022\/12\/Chambre-enfants-1024x449.jpg 1024w, https:\/\/www.borddemer-camping.com\/wp-content\/uploads\/2022\/12\/Chambre-enfants-300x132.jpg 300w, https:\/\/www.borddemer-camping.com\/wp-content\/uploads\/2022\/12\/Chambre-enfants-768x337.jpg 768w, https:\/\/www.borddemer-camping.com\/wp-content\/uploads\/2022\/12\/Chambre-enfants-1536x674.jpg 1536w, https:\/\/www.borddemer-camping.com\/wp-content\/uploads\/2022\/12\/Chambre-enfants.jpg 1552w\" sizes=\"(max-width: 1024px) 100vw, 1024px\" \/><\/figure>\n\n\n\n<figure class=\"wp-block-image size-full\"><img width=\"600\" height=\"640\" src=\"https:\/\/www.borddemer-camping.com\/wp-content\/uploads\/2022\/12\/Plan-du-bungalow-toile-Tithome.jpg\" alt=\"\" class=\"wp-image-1080\" srcset=\"https:\/\/www.borddemer-camping.com\/wp-content\/uploads\/2022\/12\/Plan-du-bungalow-toile-Tithome.jpg 600w, https:\/\/www.borddemer-camping.com\/wp-content\/uploads\/2022\/12\/Plan-du-bungalow-toile-Tithome-281x300.jpg 281w\" sizes=\"(max-width: 600px) 100vw, 600px\" \/><\/figure>\n<\/figure>\n<\/div>\n<\/div>\n\n\n\n<div class=\"wp-container-69d07beded5dd wp-block-buttons box_resa\">\n<div class=\"wp-block-button btn_resa\"><a class=\"wp-block-button__link\"><i class=\"fas fa-search\"><\/i> Schnell buchen!<\/a><\/div>\n<\/div>\n","protected":false},"excerpt":{"rendered":"<p>Jahrgang 2017 Bungalow Tithome toil\u00e9 1 Schlafzimmer mit 1 Bett von 140 cm 1 Zimmer mit 2 oder 3 Betten von 70 (davon 1 Hochbett) Ausgestattete K\u00fcche (K\u00fchlschrank, 2 Gaskochstellen, Mikrowelle, elektrische Kaffeemaschine) Ess-\/Aufenthaltsbereich 1 elektrischer Konverter WC (kein Waschraum) 12m\u00b2 gro\u00dfe Leinenterrasse mit Gartenm\u00f6beln Das Plus von Ad\u00e8le: Ihr Willkommensgeschenk, das Sie bei Ihrer [&hellip;]<\/p>\n","protected":false},"author":1,"featured_media":0,"parent":2411,"menu_order":0,"comment_status":"closed","ping_status":"closed","template":"","meta":[],"acf":[],"_links":{"self":[{"href":"https:\/\/www.borddemer-camping.com\/de\/wp-json\/wp\/v2\/pages\/2415"}],"collection":[{"href":"https:\/\/www.borddemer-camping.com\/de\/wp-json\/wp\/v2\/pages"}],"about":[{"href":"https:\/\/www.borddemer-camping.com\/de\/wp-json\/wp\/v2\/types\/page"}],"author":[{"embeddable":true,"href":"https:\/\/www.borddemer-camping.com\/de\/wp-json\/wp\/v2\/users\/1"}],"replies":[{"embeddable":true,"href":"https:\/\/www.borddemer-camping.com\/de\/wp-json\/wp\/v2\/comments?post=2415"}],"version-history":[{"count":4,"href":"https:\/\/www.borddemer-camping.com\/de\/wp-json\/wp\/v2\/pages\/2415\/revisions"}],"predecessor-version":[{"id":3053,"href":"https:\/\/www.borddemer-camping.com\/de\/wp-json\/wp\/v2\/pages\/2415\/revisions\/3053"}],"up":[{"embeddable":true,"href":"https:\/\/www.borddemer-camping.com\/de\/wp-json\/wp\/v2\/pages\/2411"}],"wp:attachment":[{"href":"https:\/\/www.borddemer-camping.com\/de\/wp-json\/wp\/v2\/media?parent=2415"}],"curies":[{"name":"wp","href":"https:\/\/api.w.org\/{rel}","templated":true}]}}