{"id":2417,"date":"2023-12-12T15:50:08","date_gmt":"2023-12-12T14:50:08","guid":{"rendered":"https:\/\/www.borddemer-camping.com\/vermietungen\/chalet-1-schlafz-oeko\/"},"modified":"2024-07-16T15:28:45","modified_gmt":"2024-07-16T13:28:45","slug":"chalet-1-schlafz-oeko","status":"publish","type":"page","link":"https:\/\/www.borddemer-camping.com\/de\/vermietungen\/chalet-1-schlafz-oeko\/","title":{"rendered":"Chalet 1 Schlafz. \u00f6ko"},"content":{"rendered":"\n<div class=\"wp-block-columns B-25\">\n<div class=\"wp-block-column\" style=\"flex-basis:40%\">\n<h2 class=\"has-text-align-left\" id=\"camping-a-saint-michel-chef-chef-bienvenue-au-camping-3-etoiles-du-bord-de-mer\">Modell 2010<\/h2>\n\n\n\n<h1 class=\"titre\" id=\"chalet-1ch-eco-1\">Chalet 1 Schlafz. \u00f6ko<\/h1>\n\n\n\n<ul class=\"pictos pictos-liste liste-mob\"><li><i class=\"fa-light fa-bed-front\"><\/i>  1 Schlafzimmer mit 1 Bett von 140 cm<\/li><li><i class=\"fa-light fa-refrigerator\"><\/i>  Ausgestattete K\u00fcche (K\u00fchlschrank, 4 Gaskochstellen, Mikrowelle, elektrische Kaffeemaschine)<\/li><li><i class=\"fa-light fa-fork-knife\"><\/i>  Essbereich \/ Wohnzimmer mit Schlafsofa (140 cm breit)<\/li><li><i class=\"fa-light fa-bolt\"><\/i>  1 elektrischer Konvektor<\/li><li><i class=\"fa-light fa-toilet\"><\/i>  Badezimmer mit Dusche, Waschbecken, WC<\/li><li><i class=\"fa-light fa-table-picnic\"><\/i>  Terrasse von ca. 8m\u00b2 mit Gartenm\u00f6beln<\/li><\/ul>\n<\/div>\n\n\n\n<div class=\"wp-block-column\">\n<p>Diese 16 m\u00b2 gro\u00dfe Unterkunft bietet Ihnen ein h\u00fcbsches Liebesnest f\u00fcr einen Aufenthalt im Zeichen von Ruhe und Gelassenheit, nur wenige Schritte vom Meer entfernt. Es bietet Ihnen auch allen Komfort, den Sie brauchen, um mit leichtem Gep\u00e4ck zu reisen, da nur Bettw\u00e4sche, Handt\u00fccher und Geschirrt\u00fccher optional sind. Der Rest steht Ihnen zur Verf\u00fcgung. Mit seiner 8m\u00b2 gro\u00dfen Terrasse k\u00f6nnen Sie einen baumbestandenen Au\u00dfenbereich zum Entspannen genie\u00dfen.<\/p>\n\n\n\n<p><strong>Das Plus von Ad\u00e8le:<\/strong> Ihr Willkommensgeschenk, das Sie bei Ihrer Ankunft erhalten (f\u00fcr jede Vermietung eines Mobilheims, Zigeunerwagens oder Chalets, in der Saison, mindestens 7 N\u00e4chte)<\/p>\n\n\n\n<figure class=\"wp-block-gallery has-nested-images columns-4 is-cropped diaporama--2\">\n<figure class=\"wp-block-image size-large\"><img width=\"576\" height=\"1024\" src=\"https:\/\/www.borddemer-camping.com\/wp-content\/uploads\/2022\/12\/Piece-de-vie-coin-cuisine-chalet-16m\u00b2-1-chambre-2-personnes-576x1024.jpg\" alt=\"\" class=\"wp-image-1042\" srcset=\"https:\/\/www.borddemer-camping.com\/wp-content\/uploads\/2022\/12\/Piece-de-vie-coin-cuisine-chalet-16m\u00b2-1-chambre-2-personnes-576x1024.jpg 576w, https:\/\/www.borddemer-camping.com\/wp-content\/uploads\/2022\/12\/Piece-de-vie-coin-cuisine-chalet-16m\u00b2-1-chambre-2-personnes-169x300.jpg 169w, https:\/\/www.borddemer-camping.com\/wp-content\/uploads\/2022\/12\/Piece-de-vie-coin-cuisine-chalet-16m\u00b2-1-chambre-2-personnes-768x1367.jpg 768w, https:\/\/www.borddemer-camping.com\/wp-content\/uploads\/2022\/12\/Piece-de-vie-coin-cuisine-chalet-16m\u00b2-1-chambre-2-personnes-863x1536.jpg 863w, https:\/\/www.borddemer-camping.com\/wp-content\/uploads\/2022\/12\/Piece-de-vie-coin-cuisine-chalet-16m\u00b2-1-chambre-2-personnes.jpg 1151w\" sizes=\"(max-width: 576px) 100vw, 576px\" \/><\/figure>\n\n\n\n<figure class=\"wp-block-image size-large\"><img width=\"576\" height=\"1024\" src=\"https:\/\/www.borddemer-camping.com\/wp-content\/uploads\/2022\/12\/Salle-de-bain-Chalet-16m\u00b2-1-chambre-2-personnes-576x1024.jpg\" alt=\"\" class=\"wp-image-1044\" srcset=\"https:\/\/www.borddemer-camping.com\/wp-content\/uploads\/2022\/12\/Salle-de-bain-Chalet-16m\u00b2-1-chambre-2-personnes-576x1024.jpg 576w, https:\/\/www.borddemer-camping.com\/wp-content\/uploads\/2022\/12\/Salle-de-bain-Chalet-16m\u00b2-1-chambre-2-personnes-169x300.jpg 169w, https:\/\/www.borddemer-camping.com\/wp-content\/uploads\/2022\/12\/Salle-de-bain-Chalet-16m\u00b2-1-chambre-2-personnes-768x1367.jpg 768w, https:\/\/www.borddemer-camping.com\/wp-content\/uploads\/2022\/12\/Salle-de-bain-Chalet-16m\u00b2-1-chambre-2-personnes-863x1536.jpg 863w, https:\/\/www.borddemer-camping.com\/wp-content\/uploads\/2022\/12\/Salle-de-bain-Chalet-16m\u00b2-1-chambre-2-personnes.jpg 1151w\" sizes=\"(max-width: 576px) 100vw, 576px\" \/><\/figure>\n\n\n\n<figure class=\"wp-block-image size-large\"><img width=\"576\" height=\"1024\" src=\"https:\/\/www.borddemer-camping.com\/wp-content\/uploads\/2022\/12\/Salon-chalet-16-m\u00b2-1-chambre-2-personnes-576x1024.jpg\" alt=\"\" class=\"wp-image-1046\" srcset=\"https:\/\/www.borddemer-camping.com\/wp-content\/uploads\/2022\/12\/Salon-chalet-16-m\u00b2-1-chambre-2-personnes-576x1024.jpg 576w, https:\/\/www.borddemer-camping.com\/wp-content\/uploads\/2022\/12\/Salon-chalet-16-m\u00b2-1-chambre-2-personnes-169x300.jpg 169w, https:\/\/www.borddemer-camping.com\/wp-content\/uploads\/2022\/12\/Salon-chalet-16-m\u00b2-1-chambre-2-personnes-768x1367.jpg 768w, https:\/\/www.borddemer-camping.com\/wp-content\/uploads\/2022\/12\/Salon-chalet-16-m\u00b2-1-chambre-2-personnes-863x1536.jpg 863w, https:\/\/www.borddemer-camping.com\/wp-content\/uploads\/2022\/12\/Salon-chalet-16-m\u00b2-1-chambre-2-personnes.jpg 1151w\" sizes=\"(max-width: 576px) 100vw, 576px\" \/><\/figure>\n\n\n\n<figure class=\"wp-block-image size-large\"><img width=\"576\" height=\"1024\" src=\"https:\/\/www.borddemer-camping.com\/wp-content\/uploads\/2022\/12\/Chambre-double-Chalet-16m\u00b2-1-chambre-2-personnes-576x1024.jpg\" alt=\"\" class=\"wp-image-1048\" srcset=\"https:\/\/www.borddemer-camping.com\/wp-content\/uploads\/2022\/12\/Chambre-double-Chalet-16m\u00b2-1-chambre-2-personnes-576x1024.jpg 576w, https:\/\/www.borddemer-camping.com\/wp-content\/uploads\/2022\/12\/Chambre-double-Chalet-16m\u00b2-1-chambre-2-personnes-169x300.jpg 169w, https:\/\/www.borddemer-camping.com\/wp-content\/uploads\/2022\/12\/Chambre-double-Chalet-16m\u00b2-1-chambre-2-personnes-768x1367.jpg 768w, https:\/\/www.borddemer-camping.com\/wp-content\/uploads\/2022\/12\/Chambre-double-Chalet-16m\u00b2-1-chambre-2-personnes-863x1536.jpg 863w, https:\/\/www.borddemer-camping.com\/wp-content\/uploads\/2022\/12\/Chambre-double-Chalet-16m\u00b2-1-chambre-2-personnes.jpg 1151w\" sizes=\"(max-width: 576px) 100vw, 576px\" \/><\/figure>\n<\/figure>\n<\/div>\n<\/div>\n\n\n\n<div class=\"wp-container-69fe199816374 wp-block-buttons box_resa\">\n<div class=\"wp-block-button btn_resa\"><a class=\"wp-block-button__link\"><i class=\"fas fa-search\"><\/i> Schnell buchen!<\/a><\/div>\n<\/div>\n","protected":false},"excerpt":{"rendered":"<p>Modell 2010 Chalet 1 Schlafz. \u00f6ko 1 Schlafzimmer mit 1 Bett von 140 cm Ausgestattete K\u00fcche (K\u00fchlschrank, 4 Gaskochstellen, Mikrowelle, elektrische Kaffeemaschine) Essbereich \/ Wohnzimmer mit Schlafsofa (140 cm breit) 1 elektrischer Konvektor Badezimmer mit Dusche, Waschbecken, WC Terrasse von ca. 8m\u00b2 mit Gartenm\u00f6beln Diese 16 m\u00b2 gro\u00dfe Unterkunft bietet Ihnen ein h\u00fcbsches Liebesnest f\u00fcr [&hellip;]<\/p>\n","protected":false},"author":1,"featured_media":0,"parent":2411,"menu_order":0,"comment_status":"closed","ping_status":"closed","template":"","meta":[],"acf":[],"_links":{"self":[{"href":"https:\/\/www.borddemer-camping.com\/de\/wp-json\/wp\/v2\/pages\/2417"}],"collection":[{"href":"https:\/\/www.borddemer-camping.com\/de\/wp-json\/wp\/v2\/pages"}],"about":[{"href":"https:\/\/www.borddemer-camping.com\/de\/wp-json\/wp\/v2\/types\/page"}],"author":[{"embeddable":true,"href":"https:\/\/www.borddemer-camping.com\/de\/wp-json\/wp\/v2\/users\/1"}],"replies":[{"embeddable":true,"href":"https:\/\/www.borddemer-camping.com\/de\/wp-json\/wp\/v2\/comments?post=2417"}],"version-history":[{"count":3,"href":"https:\/\/www.borddemer-camping.com\/de\/wp-json\/wp\/v2\/pages\/2417\/revisions"}],"predecessor-version":[{"id":3054,"href":"https:\/\/www.borddemer-camping.com\/de\/wp-json\/wp\/v2\/pages\/2417\/revisions\/3054"}],"up":[{"embeddable":true,"href":"https:\/\/www.borddemer-camping.com\/de\/wp-json\/wp\/v2\/pages\/2411"}],"wp:attachment":[{"href":"https:\/\/www.borddemer-camping.com\/de\/wp-json\/wp\/v2\/media?parent=2417"}],"curies":[{"name":"wp","href":"https:\/\/api.w.org\/{rel}","templated":true}]}}