{"id":2419,"date":"2023-12-12T15:50:37","date_gmt":"2023-12-12T14:50:37","guid":{"rendered":"https:\/\/www.borddemer-camping.com\/vermietungen\/chalet-2ch-oeko\/"},"modified":"2024-07-16T15:28:50","modified_gmt":"2024-07-16T13:28:50","slug":"chalet-2ch-oeko","status":"publish","type":"page","link":"https:\/\/www.borddemer-camping.com\/de\/vermietungen\/chalet-2ch-oeko\/","title":{"rendered":"Chalet 2ch. \u00f6ko"},"content":{"rendered":"\n<div class=\"wp-block-columns B-25\">\n<div class=\"wp-block-column\" style=\"flex-basis:40%\">\n<h2 class=\"has-text-align-left\" id=\"camping-a-saint-michel-chef-chef-bienvenue-au-camping-3-etoiles-du-bord-de-mer\">Modell 2010<\/h2>\n\n\n\n<h1 class=\"titre\" id=\"chalet-2ch-eco-1\">Chalet 2ch. \u00f6ko<\/h1>\n\n\n\n<ul class=\"pictos pictos-liste liste-mob\"><li><i class=\"fa-light fa-bed-front\"><\/i>  1 Schlafzimmer mit 1 Bett von 140 cm<\/li><li><i class=\"fa-light fa-bed-front\"><\/i>  1 Kinderzimmer mit 2 Betten (80 cm breit)<\/li><li><i class=\"fa-light fa-refrigerator\"><\/i>  Ausgestattete K\u00fcche (K\u00fchlschrank, 4 Gaskochstellen, Mikrowelle, elektrische Kaffeemaschine)<\/li><li><i class=\"fa-light fa-fork-knife\"><\/i>  Ess-\/Aufenthaltsbereich<\/li><li><i class=\"fa-light fa-bolt\"><\/i>  1 elektrischer Konvektor<\/li><li><i class=\"fa-light fa-shower-down\"><\/i>  Badezimmer mit Dusche, Waschbecken<\/li><li><i class=\"fa-light fa-toilet\"><\/i>  Separates WC<\/li><li><i class=\"fa-light fa-table-picnic\"><\/i>  6m\u00b2 Terrasse mit Gartenm\u00f6beln<\/li><\/ul>\n<\/div>\n\n\n\n<div class=\"wp-block-column\">\n<p>In diesem Chalet f\u00fcr 4 Personen k\u00f6nnen Sie einen sch\u00f6nen Urlaub am Atlantik verbringen. 20 Meter vom Strand entfernt finden Sie hier Komfort mit einer ausgestatteten K\u00fcche, in der Sie leckere Gerichte zaubern k\u00f6nnen.<\/p>\n\n\n\n<p>Ob Sie mit der Familie oder mit Freunden unterwegs sind, dieses Chalet wird Ihren Bedarf an Unterk\u00fcnften erf\u00fcllen.<\/p>\n\n\n\n<p><strong>Das Plus von Ad\u00e8le:<\/strong> Ihr Willkommensgeschenk, das Sie bei Ihrer Ankunft erhalten (f\u00fcr jede Vermietung eines Mobilheims, Zigeunerwagens oder Chalets, in der Saison, mindestens 7 N\u00e4chte)<\/p>\n\n\n\n<figure class=\"wp-block-gallery has-nested-images columns-3 is-cropped diaporama--2\">\n<figure class=\"wp-block-image size-full\"><img width=\"1024\" height=\"640\" src=\"https:\/\/www.borddemer-camping.com\/wp-content\/uploads\/2022\/12\/Photo-Yann-Richard-171.jpg\" alt=\"\" class=\"wp-image-1100\" srcset=\"https:\/\/www.borddemer-camping.com\/wp-content\/uploads\/2022\/12\/Photo-Yann-Richard-171.jpg 1024w, https:\/\/www.borddemer-camping.com\/wp-content\/uploads\/2022\/12\/Photo-Yann-Richard-171-300x188.jpg 300w, https:\/\/www.borddemer-camping.com\/wp-content\/uploads\/2022\/12\/Photo-Yann-Richard-171-768x480.jpg 768w\" sizes=\"(max-width: 1024px) 100vw, 1024px\" \/><\/figure>\n\n\n\n<figure class=\"wp-block-image size-full\"><img width=\"1024\" height=\"640\" src=\"https:\/\/www.borddemer-camping.com\/wp-content\/uploads\/2022\/12\/sejour-chalet-24.jpg\" alt=\"\" class=\"wp-image-1102\" srcset=\"https:\/\/www.borddemer-camping.com\/wp-content\/uploads\/2022\/12\/sejour-chalet-24.jpg 1024w, https:\/\/www.borddemer-camping.com\/wp-content\/uploads\/2022\/12\/sejour-chalet-24-300x188.jpg 300w, https:\/\/www.borddemer-camping.com\/wp-content\/uploads\/2022\/12\/sejour-chalet-24-768x480.jpg 768w\" sizes=\"(max-width: 1024px) 100vw, 1024px\" \/><\/figure>\n\n\n\n<figure class=\"wp-block-image size-full\"><img width=\"1024\" height=\"640\" src=\"https:\/\/www.borddemer-camping.com\/wp-content\/uploads\/2022\/12\/cuisine-chalet-24.jpg\" alt=\"\" class=\"wp-image-1108\" srcset=\"https:\/\/www.borddemer-camping.com\/wp-content\/uploads\/2022\/12\/cuisine-chalet-24.jpg 1024w, https:\/\/www.borddemer-camping.com\/wp-content\/uploads\/2022\/12\/cuisine-chalet-24-300x188.jpg 300w, https:\/\/www.borddemer-camping.com\/wp-content\/uploads\/2022\/12\/cuisine-chalet-24-768x480.jpg 768w\" sizes=\"(max-width: 1024px) 100vw, 1024px\" \/><\/figure>\n\n\n\n<figure class=\"wp-block-image size-full\"><img width=\"1024\" height=\"640\" src=\"https:\/\/www.borddemer-camping.com\/wp-content\/uploads\/2022\/12\/SDB-chalet-24.jpg\" alt=\"\" class=\"wp-image-1106\" srcset=\"https:\/\/www.borddemer-camping.com\/wp-content\/uploads\/2022\/12\/SDB-chalet-24.jpg 1024w, https:\/\/www.borddemer-camping.com\/wp-content\/uploads\/2022\/12\/SDB-chalet-24-300x188.jpg 300w, https:\/\/www.borddemer-camping.com\/wp-content\/uploads\/2022\/12\/SDB-chalet-24-768x480.jpg 768w\" sizes=\"(max-width: 1024px) 100vw, 1024px\" \/><\/figure>\n\n\n\n<figure class=\"wp-block-image size-full\"><img width=\"259\" height=\"194\" src=\"https:\/\/www.borddemer-camping.com\/wp-content\/uploads\/2022\/12\/Plan-Chalet-2-chambres.jpg\" alt=\"\" class=\"wp-image-1104\"\/><\/figure>\n<\/figure>\n<\/div>\n<\/div>\n\n\n\n<div class=\"wp-container-69f3a95e18e46 wp-block-buttons box_resa\">\n<div class=\"wp-block-button btn_resa\"><a class=\"wp-block-button__link\"><i class=\"fas fa-search\"><\/i> Schnell buchen!<\/a><\/div>\n<\/div>\n","protected":false},"excerpt":{"rendered":"<p>Modell 2010 Chalet 2ch. \u00f6ko 1 Schlafzimmer mit 1 Bett von 140 cm 1 Kinderzimmer mit 2 Betten (80 cm breit) Ausgestattete K\u00fcche (K\u00fchlschrank, 4 Gaskochstellen, Mikrowelle, elektrische Kaffeemaschine) Ess-\/Aufenthaltsbereich 1 elektrischer Konvektor Badezimmer mit Dusche, Waschbecken Separates WC 6m\u00b2 Terrasse mit Gartenm\u00f6beln In diesem Chalet f\u00fcr 4 Personen k\u00f6nnen Sie einen sch\u00f6nen Urlaub am [&hellip;]<\/p>\n","protected":false},"author":1,"featured_media":0,"parent":2411,"menu_order":0,"comment_status":"closed","ping_status":"closed","template":"","meta":[],"acf":[],"_links":{"self":[{"href":"https:\/\/www.borddemer-camping.com\/de\/wp-json\/wp\/v2\/pages\/2419"}],"collection":[{"href":"https:\/\/www.borddemer-camping.com\/de\/wp-json\/wp\/v2\/pages"}],"about":[{"href":"https:\/\/www.borddemer-camping.com\/de\/wp-json\/wp\/v2\/types\/page"}],"author":[{"embeddable":true,"href":"https:\/\/www.borddemer-camping.com\/de\/wp-json\/wp\/v2\/users\/1"}],"replies":[{"embeddable":true,"href":"https:\/\/www.borddemer-camping.com\/de\/wp-json\/wp\/v2\/comments?post=2419"}],"version-history":[{"count":3,"href":"https:\/\/www.borddemer-camping.com\/de\/wp-json\/wp\/v2\/pages\/2419\/revisions"}],"predecessor-version":[{"id":3055,"href":"https:\/\/www.borddemer-camping.com\/de\/wp-json\/wp\/v2\/pages\/2419\/revisions\/3055"}],"up":[{"embeddable":true,"href":"https:\/\/www.borddemer-camping.com\/de\/wp-json\/wp\/v2\/pages\/2411"}],"wp:attachment":[{"href":"https:\/\/www.borddemer-camping.com\/de\/wp-json\/wp\/v2\/media?parent=2419"}],"curies":[{"name":"wp","href":"https:\/\/api.w.org\/{rel}","templated":true}]}}