{"id":2425,"date":"2023-12-12T15:52:01","date_gmt":"2023-12-12T14:52:01","guid":{"rendered":"https:\/\/www.borddemer-camping.com\/vermietungen\/mobilheim-27m2\/"},"modified":"2024-07-16T15:31:13","modified_gmt":"2024-07-16T13:31:13","slug":"mobilheim-27m2","status":"publish","type":"page","link":"https:\/\/www.borddemer-camping.com\/de\/vermietungen\/mobilheim-27m2\/","title":{"rendered":"Mobilheim &#8211; 27m2"},"content":{"rendered":"\n<div class=\"wp-block-columns B-25\">\n<div class=\"wp-block-column\" style=\"flex-basis:40%\">\n<h2 class=\"has-text-align-left\" id=\"camping-a-saint-michel-chef-chef-bienvenue-au-camping-3-etoiles-du-bord-de-mer\">Jahrgang 2017<\/h2>\n\n\n\n<h1 class=\"titre\" id=\"mobil-home-27m2-1\">Mobilheim <sup>27m2<\/sup><\/h1>\n\n\n\n<ul class=\"pictos pictos-liste liste-mob\"><li><i class=\"fa-light fa-bed-front\"><\/i>  1 Schlafzimmer mit 1 Bett von 140 cm<\/li><li><i class=\"fa-light fa-bed-front\"><\/i>  1 Schlafzimmer mit 2 Einzelbetten (80 cm)<\/li><li><i class=\"fa-light fa-refrigerator\"><\/i>  Ausgestattete K\u00fcche (K\u00fchlschrank, 4 Gaskochstellen, Mikrowelle, elektrische Kaffeemaschine)<\/li><li><i class=\"fa-light fa-fork-knife\"><\/i>  Ess-\/Wohnbereich mit Schlafsofa im Wohnzimmer mit 140 cm breitem Bett<\/li><li><i class=\"fa-light fa-shower-down\"><\/i>  Badezimmer mit Dusche und Waschbecken<\/li><li><i class=\"fa-light fa-toilet\"><\/i>  Separates WC<\/li><li><i class=\"fa-light fa-table-picnic\"><\/i>  Terrasse mit Gartenm\u00f6beln<\/li><\/ul>\n<\/div>\n\n\n\n<div class=\"wp-block-column\">\n<p>Lust auf Gr\u00fcn? Ein Wind aus der Ferne \u00fcber dieser nat\u00fcrlichen Atmosph\u00e4re&#8230;<\/p>\n\n\n\n<p><strong>Das Plus von Ad\u00e8le:<\/strong> Ihr Willkommensgeschenk, das Sie bei Ihrer Ankunft erhalten (f\u00fcr jede Vermietung eines Mobilheims, Zigeunerwagens oder Chalets, in der Saison, mindestens 7 N\u00e4chte)<\/p>\n\n\n\n<figure class=\"wp-block-gallery has-nested-images columns-3 is-cropped diaporama--2\">\n<figure class=\"wp-block-image size-large\"><img width=\"1024\" height=\"576\" src=\"https:\/\/www.borddemer-camping.com\/wp-content\/uploads\/2022\/12\/IMG_20170713_163752-1024x576.jpg\" alt=\"\" class=\"wp-image-1116\" srcset=\"https:\/\/www.borddemer-camping.com\/wp-content\/uploads\/2022\/12\/IMG_20170713_163752-1024x576.jpg 1024w, https:\/\/www.borddemer-camping.com\/wp-content\/uploads\/2022\/12\/IMG_20170713_163752-300x169.jpg 300w, https:\/\/www.borddemer-camping.com\/wp-content\/uploads\/2022\/12\/IMG_20170713_163752-768x432.jpg 768w, https:\/\/www.borddemer-camping.com\/wp-content\/uploads\/2022\/12\/IMG_20170713_163752-1536x864.jpg 1536w, https:\/\/www.borddemer-camping.com\/wp-content\/uploads\/2022\/12\/IMG_20170713_163752-1920x1080.jpg 1920w, https:\/\/www.borddemer-camping.com\/wp-content\/uploads\/2022\/12\/IMG_20170713_163752.jpg 2048w\" sizes=\"(max-width: 1024px) 100vw, 1024px\" \/><\/figure>\n\n\n\n<figure class=\"wp-block-image size-large\"><img width=\"1024\" height=\"576\" src=\"https:\/\/www.borddemer-camping.com\/wp-content\/uploads\/2022\/12\/IMG_20170713_164200-1024x576.jpg\" alt=\"\" class=\"wp-image-1112\" srcset=\"https:\/\/www.borddemer-camping.com\/wp-content\/uploads\/2022\/12\/IMG_20170713_164200-1024x576.jpg 1024w, https:\/\/www.borddemer-camping.com\/wp-content\/uploads\/2022\/12\/IMG_20170713_164200-300x169.jpg 300w, https:\/\/www.borddemer-camping.com\/wp-content\/uploads\/2022\/12\/IMG_20170713_164200-768x432.jpg 768w, https:\/\/www.borddemer-camping.com\/wp-content\/uploads\/2022\/12\/IMG_20170713_164200-1536x864.jpg 1536w, https:\/\/www.borddemer-camping.com\/wp-content\/uploads\/2022\/12\/IMG_20170713_164200-1920x1080.jpg 1920w, https:\/\/www.borddemer-camping.com\/wp-content\/uploads\/2022\/12\/IMG_20170713_164200.jpg 2048w\" sizes=\"(max-width: 1024px) 100vw, 1024px\" \/><\/figure>\n\n\n\n<figure class=\"wp-block-image size-large\"><img width=\"1024\" height=\"555\" src=\"https:\/\/www.borddemer-camping.com\/wp-content\/uploads\/2022\/12\/Plan-Oceane-Mobil-Home-2-chambres-Louisiane-1024x555.jpg\" alt=\"\" class=\"wp-image-1114\" srcset=\"https:\/\/www.borddemer-camping.com\/wp-content\/uploads\/2022\/12\/Plan-Oceane-Mobil-Home-2-chambres-Louisiane-1024x555.jpg 1024w, https:\/\/www.borddemer-camping.com\/wp-content\/uploads\/2022\/12\/Plan-Oceane-Mobil-Home-2-chambres-Louisiane-300x163.jpg 300w, https:\/\/www.borddemer-camping.com\/wp-content\/uploads\/2022\/12\/Plan-Oceane-Mobil-Home-2-chambres-Louisiane-768x417.jpg 768w, https:\/\/www.borddemer-camping.com\/wp-content\/uploads\/2022\/12\/Plan-Oceane-Mobil-Home-2-chambres-Louisiane.jpg 1346w\" sizes=\"(max-width: 1024px) 100vw, 1024px\" \/><\/figure>\n<\/figure>\n<\/div>\n<\/div>\n\n\n\n<div class=\"wp-container-69fa20c215dbe wp-block-buttons box_resa\">\n<div class=\"wp-block-button btn_resa\"><a class=\"wp-block-button__link\"><i class=\"fas fa-search\"><\/i> Schnell buchen!<\/a><\/div>\n<\/div>\n","protected":false},"excerpt":{"rendered":"<p>Jahrgang 2017 Mobilheim 27m2 1 Schlafzimmer mit 1 Bett von 140 cm 1 Schlafzimmer mit 2 Einzelbetten (80 cm) Ausgestattete K\u00fcche (K\u00fchlschrank, 4 Gaskochstellen, Mikrowelle, elektrische Kaffeemaschine) Ess-\/Wohnbereich mit Schlafsofa im Wohnzimmer mit 140 cm breitem Bett Badezimmer mit Dusche und Waschbecken Separates WC Terrasse mit Gartenm\u00f6beln Lust auf Gr\u00fcn? Ein Wind aus der Ferne [&hellip;]<\/p>\n","protected":false},"author":1,"featured_media":0,"parent":2411,"menu_order":0,"comment_status":"closed","ping_status":"closed","template":"","meta":[],"acf":[],"_links":{"self":[{"href":"https:\/\/www.borddemer-camping.com\/de\/wp-json\/wp\/v2\/pages\/2425"}],"collection":[{"href":"https:\/\/www.borddemer-camping.com\/de\/wp-json\/wp\/v2\/pages"}],"about":[{"href":"https:\/\/www.borddemer-camping.com\/de\/wp-json\/wp\/v2\/types\/page"}],"author":[{"embeddable":true,"href":"https:\/\/www.borddemer-camping.com\/de\/wp-json\/wp\/v2\/users\/1"}],"replies":[{"embeddable":true,"href":"https:\/\/www.borddemer-camping.com\/de\/wp-json\/wp\/v2\/comments?post=2425"}],"version-history":[{"count":3,"href":"https:\/\/www.borddemer-camping.com\/de\/wp-json\/wp\/v2\/pages\/2425\/revisions"}],"predecessor-version":[{"id":3057,"href":"https:\/\/www.borddemer-camping.com\/de\/wp-json\/wp\/v2\/pages\/2425\/revisions\/3057"}],"up":[{"embeddable":true,"href":"https:\/\/www.borddemer-camping.com\/de\/wp-json\/wp\/v2\/pages\/2411"}],"wp:attachment":[{"href":"https:\/\/www.borddemer-camping.com\/de\/wp-json\/wp\/v2\/media?parent=2425"}],"curies":[{"name":"wp","href":"https:\/\/api.w.org\/{rel}","templated":true}]}}