{"id":2427,"date":"2023-12-12T15:52:26","date_gmt":"2023-12-12T14:52:26","guid":{"rendered":"https:\/\/www.borddemer-camping.com\/vermietungen\/mobilheim-1-schlafz-oeko\/"},"modified":"2024-07-16T15:31:20","modified_gmt":"2024-07-16T13:31:20","slug":"mobilheim-1-schlafz-oeko","status":"publish","type":"page","link":"https:\/\/www.borddemer-camping.com\/de\/vermietungen\/mobilheim-1-schlafz-oeko\/","title":{"rendered":"Mobilheim 1 Schlafz. \u00f6ko"},"content":{"rendered":"\n<div class=\"wp-block-columns B-25\">\n<div class=\"wp-block-column\" style=\"flex-basis:40%\">\n<h2 class=\"has-text-align-left\" id=\"camping-a-saint-michel-chef-chef-bienvenue-au-camping-3-etoiles-du-bord-de-mer\">Jahrgang 2017<\/h2>\n\n\n\n<h1 class=\"titre\" id=\"mobil-home-1ch-eco\">Mobilheim 1 Schlafz. \u00f6ko<\/h1>\n\n\n\n<ul class=\"pictos pictos-liste liste-mob\"><li><i class=\"fa-light fa-bed-front\"><\/i>  1 Schlafzimmer mit 1 Bett von 140 cm<\/li><li><i class=\"fa-light fa-refrigerator\"><\/i>  Ausgestattete K\u00fcche (K\u00fchlschrank, 2 Gaskochstellen, Mikrowelle, elektrische Kaffeemaschine)<\/li><li><i class=\"fa-light fa-fork-knife\"><\/i>  Ess-\/Wohnbereich mit Sitzbank, Aufbewahrungsbox<\/li><li><i class=\"fa-light fa-toilet\"><\/i>  Badezimmer mit WC<\/li><li><i class=\"fa-light fa-table-picnic\"><\/i>  Terrasse 12m\u00b2 mit Gartenm\u00f6beln<\/li><\/ul>\n<\/div>\n\n\n\n<div class=\"wp-block-column\">\n<p><strong>Das Plus von Ad\u00e8le:<\/strong> Ihr Willkommensgeschenk, das Sie bei Ihrer Ankunft erhalten (f\u00fcr jede Vermietung eines Mobilheims, Zigeunerwagens oder Chalets, in der Saison, mindestens 7 N\u00e4chte)<\/p>\n\n\n\n<figure class=\"wp-block-gallery has-nested-images columns-3 is-cropped diaporama--2\">\n<figure class=\"wp-block-image size-large\"><img width=\"1024\" height=\"576\" src=\"https:\/\/www.borddemer-camping.com\/wp-content\/uploads\/2022\/12\/Mobil-Home-exterieur-1ch-2-personnes-2017-1024x576.jpg\" alt=\"\" class=\"wp-image-1120\" srcset=\"https:\/\/www.borddemer-camping.com\/wp-content\/uploads\/2022\/12\/Mobil-Home-exterieur-1ch-2-personnes-2017-1024x576.jpg 1024w, https:\/\/www.borddemer-camping.com\/wp-content\/uploads\/2022\/12\/Mobil-Home-exterieur-1ch-2-personnes-2017-300x169.jpg 300w, https:\/\/www.borddemer-camping.com\/wp-content\/uploads\/2022\/12\/Mobil-Home-exterieur-1ch-2-personnes-2017-768x432.jpg 768w, https:\/\/www.borddemer-camping.com\/wp-content\/uploads\/2022\/12\/Mobil-Home-exterieur-1ch-2-personnes-2017-1536x864.jpg 1536w, https:\/\/www.borddemer-camping.com\/wp-content\/uploads\/2022\/12\/Mobil-Home-exterieur-1ch-2-personnes-2017-1920x1080.jpg 1920w, https:\/\/www.borddemer-camping.com\/wp-content\/uploads\/2022\/12\/Mobil-Home-exterieur-1ch-2-personnes-2017.jpg 2048w\" sizes=\"(max-width: 1024px) 100vw, 1024px\" \/><\/figure>\n\n\n\n<figure class=\"wp-block-image size-large\"><img width=\"1024\" height=\"685\" src=\"https:\/\/www.borddemer-camping.com\/wp-content\/uploads\/2022\/12\/Mobil-exterieur-avec-vue-mer-1-1024x685.jpg\" alt=\"\" class=\"wp-image-1092\" srcset=\"https:\/\/www.borddemer-camping.com\/wp-content\/uploads\/2022\/12\/Mobil-exterieur-avec-vue-mer-1-1024x685.jpg 1024w, https:\/\/www.borddemer-camping.com\/wp-content\/uploads\/2022\/12\/Mobil-exterieur-avec-vue-mer-1-300x201.jpg 300w, https:\/\/www.borddemer-camping.com\/wp-content\/uploads\/2022\/12\/Mobil-exterieur-avec-vue-mer-1-768x514.jpg 768w, https:\/\/www.borddemer-camping.com\/wp-content\/uploads\/2022\/12\/Mobil-exterieur-avec-vue-mer-1-1536x1028.jpg 1536w, https:\/\/www.borddemer-camping.com\/wp-content\/uploads\/2022\/12\/Mobil-exterieur-avec-vue-mer-1.jpg 2048w\" sizes=\"(max-width: 1024px) 100vw, 1024px\" \/><\/figure>\n\n\n\n<figure class=\"wp-block-image size-full\"><img width=\"420\" height=\"342\" src=\"https:\/\/www.borddemer-camping.com\/wp-content\/uploads\/2022\/12\/Plan-Timor-Mobil-Home-1-chambre-Louisiane-2017.jpg\" alt=\"\" class=\"wp-image-1122\" srcset=\"https:\/\/www.borddemer-camping.com\/wp-content\/uploads\/2022\/12\/Plan-Timor-Mobil-Home-1-chambre-Louisiane-2017.jpg 420w, https:\/\/www.borddemer-camping.com\/wp-content\/uploads\/2022\/12\/Plan-Timor-Mobil-Home-1-chambre-Louisiane-2017-300x244.jpg 300w\" sizes=\"(max-width: 420px) 100vw, 420px\" \/><\/figure>\n<\/figure>\n<\/div>\n<\/div>\n\n\n\n<div class=\"wp-container-69e0f88284f1f wp-block-buttons box_resa\">\n<div class=\"wp-block-button btn_resa\"><a class=\"wp-block-button__link\"><i class=\"fas fa-search\"><\/i> Schnell buchen!<\/a><\/div>\n<\/div>\n","protected":false},"excerpt":{"rendered":"<p>Jahrgang 2017 Mobilheim 1 Schlafz. \u00f6ko 1 Schlafzimmer mit 1 Bett von 140 cm Ausgestattete K\u00fcche (K\u00fchlschrank, 2 Gaskochstellen, Mikrowelle, elektrische Kaffeemaschine) Ess-\/Wohnbereich mit Sitzbank, Aufbewahrungsbox Badezimmer mit WC Terrasse 12m\u00b2 mit Gartenm\u00f6beln Das Plus von Ad\u00e8le: Ihr Willkommensgeschenk, das Sie bei Ihrer Ankunft erhalten (f\u00fcr jede Vermietung eines Mobilheims, Zigeunerwagens oder Chalets, in der [&hellip;]<\/p>\n","protected":false},"author":1,"featured_media":0,"parent":2411,"menu_order":0,"comment_status":"closed","ping_status":"closed","template":"","meta":[],"acf":[],"_links":{"self":[{"href":"https:\/\/www.borddemer-camping.com\/de\/wp-json\/wp\/v2\/pages\/2427"}],"collection":[{"href":"https:\/\/www.borddemer-camping.com\/de\/wp-json\/wp\/v2\/pages"}],"about":[{"href":"https:\/\/www.borddemer-camping.com\/de\/wp-json\/wp\/v2\/types\/page"}],"author":[{"embeddable":true,"href":"https:\/\/www.borddemer-camping.com\/de\/wp-json\/wp\/v2\/users\/1"}],"replies":[{"embeddable":true,"href":"https:\/\/www.borddemer-camping.com\/de\/wp-json\/wp\/v2\/comments?post=2427"}],"version-history":[{"count":3,"href":"https:\/\/www.borddemer-camping.com\/de\/wp-json\/wp\/v2\/pages\/2427\/revisions"}],"predecessor-version":[{"id":3058,"href":"https:\/\/www.borddemer-camping.com\/de\/wp-json\/wp\/v2\/pages\/2427\/revisions\/3058"}],"up":[{"embeddable":true,"href":"https:\/\/www.borddemer-camping.com\/de\/wp-json\/wp\/v2\/pages\/2411"}],"wp:attachment":[{"href":"https:\/\/www.borddemer-camping.com\/de\/wp-json\/wp\/v2\/media?parent=2427"}],"curies":[{"name":"wp","href":"https:\/\/api.w.org\/{rel}","templated":true}]}}