{"id":2444,"date":"2023-12-12T15:55:49","date_gmt":"2023-12-12T14:55:49","guid":{"rendered":"https:\/\/www.borddemer-camping.com\/vermietungen\/mobilheim-confort-3-zi\/"},"modified":"2024-07-16T15:33:51","modified_gmt":"2024-07-16T13:33:51","slug":"mobilheim-confort-3-zi","status":"publish","type":"page","link":"https:\/\/www.borddemer-camping.com\/de\/vermietungen\/mobilheim-confort-3-zi\/","title":{"rendered":"Mobilheim Confort 3 Zi."},"content":{"rendered":"\n<div class=\"wp-block-columns B-25\">\n<div class=\"wp-block-column\" style=\"flex-basis:40%\">\n<h2 class=\"has-text-align-left\" id=\"camping-a-saint-michel-chef-chef-bienvenue-au-camping-3-etoiles-du-bord-de-mer\">Jahrgang 2017<\/h2>\n\n\n\n<h1 class=\"titre\" id=\"mobil-home-confort-3ch\">Mobilheim Confort 3 Zi.<\/h1>\n\n\n\n<ul class=\"pictos pictos-liste liste-mob\"><li><i class=\"fa-light fa-bed-front\"><\/i>  1 Schlafzimmer mit 1 Bett von 140 cm<\/li><li><i class=\"fa-light fa-bed\"><\/i>  2 Zimmer mit 2 Betten von 80 cm Breite, davon 1 Zimmer mit Ausziehbetten<\/li><li><i class=\"fa-light fa-refrigerator\"><\/i>  Ausgestattete K\u00fcche (K\u00fchlschrank, Gaskochfeld, Mikrowelle, Kaffeemaschine)<\/li><li><i class=\"fa-light fa-shower-down\"><\/i>  Badezimmer mit Waschbecken und Dusche<\/li><li><i class=\"fa-light fa-toilet\"><\/i>  Separates WC<\/li><li><i class=\"fa-light fa-table-picnic\"><\/i>  Terrasse &amp; Gartenm\u00f6bel<\/li><\/ul>\n<\/div>\n\n\n\n<div class=\"wp-block-column\">\n<p>Peps und Vitamine, in einem grafischen Ambiente&#8230; \u00d6ffnen Sie den Raum&#8230; gro\u00dfe Fenstert\u00fcren f\u00fcr ein Maximum an Licht<\/p>\n\n\n\n<p><strong>Das Plus von Ad\u00e8le:<\/strong> Ihr Willkommensgeschenk, das Sie bei Ihrer Ankunft erhalten (f\u00fcr jede Vermietung eines Mobilheims, Zigeunerwagens oder Chalets, in der Saison, mindestens 7 N\u00e4chte)<\/p>\n\n\n\n<figure class=\"wp-block-gallery has-nested-images columns-3 is-cropped diaporama--2\">\n<figure class=\"wp-block-image size-full\"><img width=\"800\" height=\"500\" src=\"https:\/\/www.borddemer-camping.com\/wp-content\/uploads\/2022\/12\/cuisine-mobil-home-3-chambres.jpg\" alt=\"\" class=\"wp-image-1066\" srcset=\"https:\/\/www.borddemer-camping.com\/wp-content\/uploads\/2022\/12\/cuisine-mobil-home-3-chambres.jpg 800w, https:\/\/www.borddemer-camping.com\/wp-content\/uploads\/2022\/12\/cuisine-mobil-home-3-chambres-300x188.jpg 300w, https:\/\/www.borddemer-camping.com\/wp-content\/uploads\/2022\/12\/cuisine-mobil-home-3-chambres-768x480.jpg 768w\" sizes=\"(max-width: 800px) 100vw, 800px\" \/><\/figure>\n\n\n\n<figure class=\"wp-block-image size-full\"><img width=\"800\" height=\"500\" src=\"https:\/\/www.borddemer-camping.com\/wp-content\/uploads\/2022\/12\/sejour-mobil-home-3-chambres.jpg\" alt=\"\" class=\"wp-image-1074\" srcset=\"https:\/\/www.borddemer-camping.com\/wp-content\/uploads\/2022\/12\/sejour-mobil-home-3-chambres.jpg 800w, https:\/\/www.borddemer-camping.com\/wp-content\/uploads\/2022\/12\/sejour-mobil-home-3-chambres-300x188.jpg 300w, https:\/\/www.borddemer-camping.com\/wp-content\/uploads\/2022\/12\/sejour-mobil-home-3-chambres-768x480.jpg 768w\" sizes=\"(max-width: 800px) 100vw, 800px\" \/><\/figure>\n\n\n\n<figure class=\"wp-block-image size-full\"><img width=\"800\" height=\"500\" src=\"https:\/\/www.borddemer-camping.com\/wp-content\/uploads\/2022\/12\/ouverture-terasse-mobil-home-3-chambres.jpg\" alt=\"\" class=\"wp-image-1072\" srcset=\"https:\/\/www.borddemer-camping.com\/wp-content\/uploads\/2022\/12\/ouverture-terasse-mobil-home-3-chambres.jpg 800w, https:\/\/www.borddemer-camping.com\/wp-content\/uploads\/2022\/12\/ouverture-terasse-mobil-home-3-chambres-300x188.jpg 300w, https:\/\/www.borddemer-camping.com\/wp-content\/uploads\/2022\/12\/ouverture-terasse-mobil-home-3-chambres-768x480.jpg 768w\" sizes=\"(max-width: 800px) 100vw, 800px\" \/><\/figure>\n\n\n\n<figure class=\"wp-block-image size-full\"><img width=\"800\" height=\"500\" src=\"https:\/\/www.borddemer-camping.com\/wp-content\/uploads\/2022\/12\/salle-de-bain-mobil-home-3-chambres.jpg\" alt=\"\" class=\"wp-image-1070\" srcset=\"https:\/\/www.borddemer-camping.com\/wp-content\/uploads\/2022\/12\/salle-de-bain-mobil-home-3-chambres.jpg 800w, https:\/\/www.borddemer-camping.com\/wp-content\/uploads\/2022\/12\/salle-de-bain-mobil-home-3-chambres-300x188.jpg 300w, https:\/\/www.borddemer-camping.com\/wp-content\/uploads\/2022\/12\/salle-de-bain-mobil-home-3-chambres-768x480.jpg 768w\" sizes=\"(max-width: 800px) 100vw, 800px\" \/><\/figure>\n\n\n\n<figure class=\"wp-block-image size-full\"><img width=\"420\" height=\"191\" src=\"https:\/\/www.borddemer-camping.com\/wp-content\/uploads\/2022\/12\/Plan-Grand-Large-Mobil-Home-3-chambres-Louisiane-2017.jpg\" alt=\"\" class=\"wp-image-1068\" srcset=\"https:\/\/www.borddemer-camping.com\/wp-content\/uploads\/2022\/12\/Plan-Grand-Large-Mobil-Home-3-chambres-Louisiane-2017.jpg 420w, https:\/\/www.borddemer-camping.com\/wp-content\/uploads\/2022\/12\/Plan-Grand-Large-Mobil-Home-3-chambres-Louisiane-2017-300x136.jpg 300w\" sizes=\"(max-width: 420px) 100vw, 420px\" \/><\/figure>\n<\/figure>\n<\/div>\n<\/div>\n\n\n\n<div class=\"wp-container-69f3caaa75b9c wp-block-buttons box_resa\">\n<div class=\"wp-block-button btn_resa\"><a class=\"wp-block-button__link\"><i class=\"fas fa-search\"><\/i> Schnell buchen!<\/a><\/div>\n<\/div>\n","protected":false},"excerpt":{"rendered":"<p>Jahrgang 2017 Mobilheim Confort 3 Zi. 1 Schlafzimmer mit 1 Bett von 140 cm 2 Zimmer mit 2 Betten von 80 cm Breite, davon 1 Zimmer mit Ausziehbetten Ausgestattete K\u00fcche (K\u00fchlschrank, Gaskochfeld, Mikrowelle, Kaffeemaschine) Badezimmer mit Waschbecken und Dusche Separates WC Terrasse &amp; Gartenm\u00f6bel Peps und Vitamine, in einem grafischen Ambiente&#8230; \u00d6ffnen Sie den Raum&#8230; [&hellip;]<\/p>\n","protected":false},"author":1,"featured_media":0,"parent":2411,"menu_order":0,"comment_status":"closed","ping_status":"closed","template":"","meta":[],"acf":[],"_links":{"self":[{"href":"https:\/\/www.borddemer-camping.com\/de\/wp-json\/wp\/v2\/pages\/2444"}],"collection":[{"href":"https:\/\/www.borddemer-camping.com\/de\/wp-json\/wp\/v2\/pages"}],"about":[{"href":"https:\/\/www.borddemer-camping.com\/de\/wp-json\/wp\/v2\/types\/page"}],"author":[{"embeddable":true,"href":"https:\/\/www.borddemer-camping.com\/de\/wp-json\/wp\/v2\/users\/1"}],"replies":[{"embeddable":true,"href":"https:\/\/www.borddemer-camping.com\/de\/wp-json\/wp\/v2\/comments?post=2444"}],"version-history":[{"count":3,"href":"https:\/\/www.borddemer-camping.com\/de\/wp-json\/wp\/v2\/pages\/2444\/revisions"}],"predecessor-version":[{"id":3064,"href":"https:\/\/www.borddemer-camping.com\/de\/wp-json\/wp\/v2\/pages\/2444\/revisions\/3064"}],"up":[{"embeddable":true,"href":"https:\/\/www.borddemer-camping.com\/de\/wp-json\/wp\/v2\/pages\/2411"}],"wp:attachment":[{"href":"https:\/\/www.borddemer-camping.com\/de\/wp-json\/wp\/v2\/media?parent=2444"}],"curies":[{"name":"wp","href":"https:\/\/api.w.org\/{rel}","templated":true}]}}