{"id":2446,"date":"2023-12-12T15:56:06","date_gmt":"2023-12-12T14:56:06","guid":{"rendered":"https:\/\/www.borddemer-camping.com\/vermietungen\/wohnwagen-20m2\/"},"modified":"2024-07-16T15:34:40","modified_gmt":"2024-07-16T13:34:40","slug":"wohnwagen-20m2","status":"publish","type":"page","link":"https:\/\/www.borddemer-camping.com\/de\/vermietungen\/wohnwagen-20m2\/","title":{"rendered":"Wohnwagen &#8211; 20m2"},"content":{"rendered":"\n<div class=\"wp-block-columns B-25\">\n<div class=\"wp-block-column\" style=\"flex-basis:40%\">\n<h2 class=\"has-text-align-left\" id=\"camping-a-saint-michel-chef-chef-bienvenue-au-camping-3-etoiles-du-bord-de-mer\">Modell 2010<\/h2>\n\n\n\n<h1 class=\"titre\" id=\"roulotte-20m2\">Wohnwagen &#8211; <sup>20m2<\/sup><\/h1>\n\n\n\n<ul class=\"pictos pictos-liste liste-mob\"><li><i class=\"fa-light fa-bed-front\"><\/i>  1 Schlafzimmer mit 1 Bett von 140 cm<\/li><li><i class=\"fa-light fa-bed-front\"><\/i>  1 Kinderzimmer mit 2 Etagenbetten (80 cm)<\/li><li><i class=\"fa-light fa-refrigerator\"><\/i>  Ausgestattete K\u00fcche (K\u00fchlschrank, 4 Gaskochstellen, Mikrowelle, elektrische Kaffeemaschine)<\/li><li><i class=\"fa-light fa-fork-knife\"><\/i>  Ess-\/Aufenthaltsbereich<\/li><li><i class=\"fa-light fa-bolt\"><\/i>  1 elektrischer Konvektor<\/li><li><i class=\"fa-light fa-shower-down\"><\/i>  Badezimmer mit Dusche und Waschbecken<\/li><li><i class=\"fa-light fa-toilet\"><\/i>  Separates WC<\/li><li><i class=\"fa-light fa-table-picnic\"><\/i>  3m\u00b2 gro\u00dfe Freitreppe mit Gartenm\u00f6beln<\/li><\/ul>\n<\/div>\n\n\n\n<div class=\"wp-block-column\">\n<p>Der Zigeunerwagen ist ideal f\u00fcr einen atypischen Aufenthalt. Wir besitzen 2 Zigeunerwagen auf dem Campingplatz, der sich im hinteren Teil des Campingplatzes befindet: Hier finden Sie gro\u00dfe Ruhe und Gelassenheit. Dank der h\u00fcbschen Terrasse vor dem Zigeunerwagen k\u00f6nnen Sie auch im Freien sitzen. Kurz gesagt, wenn Sie auf der Suche nach etwas Untypischem und Ruhigem sind, ist diese Unterkunft, die nur zwei Schritte vom Meer entfernt liegt, genau das Richtige f\u00fcr Sie.<\/p>\n\n\n\n<p><strong>Das Plus von Ad\u00e8le:<\/strong> Ihr Willkommensgeschenk, das Sie bei Ihrer Ankunft erhalten (f\u00fcr jede Vermietung eines Mobilheims, Zigeunerwagens oder Chalets, in der Saison, mindestens 7 N\u00e4chte)<\/p>\n\n\n\n<figure class=\"wp-block-gallery has-nested-images columns-3 is-cropped diaporama--2\">\n<figure class=\"wp-block-image size-full\"><img width=\"1024\" height=\"640\" src=\"https:\/\/www.borddemer-camping.com\/wp-content\/uploads\/2022\/12\/cuisine-roulotte.jpg\" alt=\"\" class=\"wp-image-1053\" srcset=\"https:\/\/www.borddemer-camping.com\/wp-content\/uploads\/2022\/12\/cuisine-roulotte.jpg 1024w, https:\/\/www.borddemer-camping.com\/wp-content\/uploads\/2022\/12\/cuisine-roulotte-300x188.jpg 300w, https:\/\/www.borddemer-camping.com\/wp-content\/uploads\/2022\/12\/cuisine-roulotte-768x480.jpg 768w\" sizes=\"(max-width: 1024px) 100vw, 1024px\" \/><\/figure>\n\n\n\n<figure class=\"wp-block-image size-full\"><img width=\"1024\" height=\"640\" src=\"https:\/\/www.borddemer-camping.com\/wp-content\/uploads\/2022\/12\/terrasse-roulotte.jpg\" alt=\"\" class=\"wp-image-1061\" srcset=\"https:\/\/www.borddemer-camping.com\/wp-content\/uploads\/2022\/12\/terrasse-roulotte.jpg 1024w, https:\/\/www.borddemer-camping.com\/wp-content\/uploads\/2022\/12\/terrasse-roulotte-300x188.jpg 300w, https:\/\/www.borddemer-camping.com\/wp-content\/uploads\/2022\/12\/terrasse-roulotte-768x480.jpg 768w\" sizes=\"(max-width: 1024px) 100vw, 1024px\" \/><\/figure>\n\n\n\n<figure class=\"wp-block-image size-large\"><img width=\"1024\" height=\"684\" src=\"https:\/\/www.borddemer-camping.com\/wp-content\/uploads\/2022\/12\/Roulottes-exterieur-1-1024x684.jpg\" alt=\"\" class=\"wp-image-1057\" srcset=\"https:\/\/www.borddemer-camping.com\/wp-content\/uploads\/2022\/12\/Roulottes-exterieur-1-1024x684.jpg 1024w, https:\/\/www.borddemer-camping.com\/wp-content\/uploads\/2022\/12\/Roulottes-exterieur-1-300x200.jpg 300w, https:\/\/www.borddemer-camping.com\/wp-content\/uploads\/2022\/12\/Roulottes-exterieur-1-768x513.jpg 768w, https:\/\/www.borddemer-camping.com\/wp-content\/uploads\/2022\/12\/Roulottes-exterieur-1-1536x1025.jpg 1536w, https:\/\/www.borddemer-camping.com\/wp-content\/uploads\/2022\/12\/Roulottes-exterieur-1.jpg 2048w\" sizes=\"(max-width: 1024px) 100vw, 1024px\" \/><\/figure>\n\n\n\n<figure class=\"wp-block-image size-full\"><img width=\"1024\" height=\"640\" src=\"https:\/\/www.borddemer-camping.com\/wp-content\/uploads\/2022\/12\/sejour-roulotte.jpg\" alt=\"\" class=\"wp-image-1059\" srcset=\"https:\/\/www.borddemer-camping.com\/wp-content\/uploads\/2022\/12\/sejour-roulotte.jpg 1024w, https:\/\/www.borddemer-camping.com\/wp-content\/uploads\/2022\/12\/sejour-roulotte-300x188.jpg 300w, https:\/\/www.borddemer-camping.com\/wp-content\/uploads\/2022\/12\/sejour-roulotte-768x480.jpg 768w\" sizes=\"(max-width: 1024px) 100vw, 1024px\" \/><\/figure>\n\n\n\n<figure class=\"wp-block-image size-full\"><img width=\"818\" height=\"333\" src=\"https:\/\/www.borddemer-camping.com\/wp-content\/uploads\/2022\/12\/Plan-Roulotte-2chambres.jpg\" alt=\"\" class=\"wp-image-1055\" srcset=\"https:\/\/www.borddemer-camping.com\/wp-content\/uploads\/2022\/12\/Plan-Roulotte-2chambres.jpg 818w, https:\/\/www.borddemer-camping.com\/wp-content\/uploads\/2022\/12\/Plan-Roulotte-2chambres-300x122.jpg 300w, https:\/\/www.borddemer-camping.com\/wp-content\/uploads\/2022\/12\/Plan-Roulotte-2chambres-768x313.jpg 768w\" sizes=\"(max-width: 818px) 100vw, 818px\" \/><\/figure>\n<\/figure>\n<\/div>\n<\/div>\n\n\n\n<div class=\"wp-container-69e498a80503d wp-block-buttons box_resa\">\n<div class=\"wp-block-button btn_resa\"><a class=\"wp-block-button__link\"><i class=\"fas fa-search\"><\/i> Schnell buchen!<\/a><\/div>\n<\/div>\n","protected":false},"excerpt":{"rendered":"<p>Modell 2010 Wohnwagen &#8211; 20m2 1 Schlafzimmer mit 1 Bett von 140 cm 1 Kinderzimmer mit 2 Etagenbetten (80 cm) Ausgestattete K\u00fcche (K\u00fchlschrank, 4 Gaskochstellen, Mikrowelle, elektrische Kaffeemaschine) Ess-\/Aufenthaltsbereich 1 elektrischer Konvektor Badezimmer mit Dusche und Waschbecken Separates WC 3m\u00b2 gro\u00dfe Freitreppe mit Gartenm\u00f6beln Der Zigeunerwagen ist ideal f\u00fcr einen atypischen Aufenthalt. Wir besitzen 2 [&hellip;]<\/p>\n","protected":false},"author":1,"featured_media":0,"parent":2411,"menu_order":0,"comment_status":"closed","ping_status":"closed","template":"","meta":[],"acf":[],"_links":{"self":[{"href":"https:\/\/www.borddemer-camping.com\/de\/wp-json\/wp\/v2\/pages\/2446"}],"collection":[{"href":"https:\/\/www.borddemer-camping.com\/de\/wp-json\/wp\/v2\/pages"}],"about":[{"href":"https:\/\/www.borddemer-camping.com\/de\/wp-json\/wp\/v2\/types\/page"}],"author":[{"embeddable":true,"href":"https:\/\/www.borddemer-camping.com\/de\/wp-json\/wp\/v2\/users\/1"}],"replies":[{"embeddable":true,"href":"https:\/\/www.borddemer-camping.com\/de\/wp-json\/wp\/v2\/comments?post=2446"}],"version-history":[{"count":3,"href":"https:\/\/www.borddemer-camping.com\/de\/wp-json\/wp\/v2\/pages\/2446\/revisions"}],"predecessor-version":[{"id":3065,"href":"https:\/\/www.borddemer-camping.com\/de\/wp-json\/wp\/v2\/pages\/2446\/revisions\/3065"}],"up":[{"embeddable":true,"href":"https:\/\/www.borddemer-camping.com\/de\/wp-json\/wp\/v2\/pages\/2411"}],"wp:attachment":[{"href":"https:\/\/www.borddemer-camping.com\/de\/wp-json\/wp\/v2\/media?parent=2446"}],"curies":[{"name":"wp","href":"https:\/\/api.w.org\/{rel}","templated":true}]}}