{"id":2448,"date":"2023-12-12T15:56:25","date_gmt":"2023-12-12T14:56:25","guid":{"rendered":"https:\/\/www.borddemer-camping.com\/vermietungen\/eco-lodge-zelt\/"},"modified":"2024-07-16T15:35:40","modified_gmt":"2024-07-16T13:35:40","slug":"eco-lodge-zelt","status":"publish","type":"page","link":"https:\/\/www.borddemer-camping.com\/de\/vermietungen\/eco-lodge-zelt\/","title":{"rendered":"Eco Lodge-Zelt"},"content":{"rendered":"\n<div class=\"wp-block-columns B-25\">\n<div class=\"wp-block-column\" style=\"flex-basis:40%\">\n<h2 class=\"has-text-align-left\" id=\"camping-a-saint-michel-chef-chef-bienvenue-au-camping-3-etoiles-du-bord-de-mer\">Jahrgang 2017<\/h2>\n\n\n\n<h1 class=\"titre\" id=\"tente-lodge-eco\">Eco Lodge-Zelt<\/h1>\n\n\n\n<ul class=\"pictos pictos-liste liste-mob\"><li><i class=\"fa-light fa-bed-front\"><\/i>  1 Schlafzimmer mit einem 140 cm breiten Bett<\/li><li><i class=\"fa-light fa-bed\"><\/i>  1 Schlafzimmer mit 3 Betten (70 cm breit) (eines davon hochgestellt)<\/li><li><i class=\"fa-light fa-refrigerator\"><\/i>  Ausgestattete K\u00fcche (K\u00fchlschrank, Gaskochfeld, Mikrowelle, Kaffeemaschine)<\/li><li><i class=\"fa-light fa-toilet\"><\/i>  Sanit\u00e4r<\/li><li><i class=\"fa-light fa-table-picnic\"><\/i>  Terrasse &amp; Gartenm\u00f6bel<\/li><\/ul>\n<\/div>\n\n\n\n<div class=\"wp-block-column\">\n<p>Anfang Juli auf dem Campingplatz angekommen, vervollst\u00e4ndigen 5 Lodges das Angebot an Unterk\u00fcnften auf dem Campingplatz du Bord de Mer. Originelles Konzept, da die Lodge eine Mischung aus Zelt und Mobilheim ist.<\/p>\n\n\n\n<p><strong>Das Plus von Ad\u00e8le <\/strong>: Ihr Willkommensgeschenk, das Sie bei Ihrer Ankunft erhalten (f\u00fcr jede Vermietung eines Mobilheims, Zigeunerwagens oder Chalets, in der Saison, mindestens 7 N\u00e4chte).<\/p>\n\n\n\n<figure class=\"wp-block-gallery has-nested-images columns-3 is-cropped diaporama--2\">\n<figure class=\"wp-block-image size-full\"><img width=\"1000\" height=\"562\" src=\"https:\/\/www.borddemer-camping.com\/wp-content\/uploads\/2022\/12\/Tente-Lodge-exterieur.jpg\" alt=\"\" class=\"wp-image-1008\" srcset=\"https:\/\/www.borddemer-camping.com\/wp-content\/uploads\/2022\/12\/Tente-Lodge-exterieur.jpg 1000w, https:\/\/www.borddemer-camping.com\/wp-content\/uploads\/2022\/12\/Tente-Lodge-exterieur-300x169.jpg 300w, https:\/\/www.borddemer-camping.com\/wp-content\/uploads\/2022\/12\/Tente-Lodge-exterieur-768x432.jpg 768w\" sizes=\"(max-width: 1000px) 100vw, 1000px\" \/><\/figure>\n\n\n\n<figure class=\"wp-block-image size-full\"><img width=\"300\" height=\"497\" src=\"https:\/\/www.borddemer-camping.com\/wp-content\/uploads\/2022\/12\/Salle-de-bain-Lodge.jpg\" alt=\"\" class=\"wp-image-1000\" srcset=\"https:\/\/www.borddemer-camping.com\/wp-content\/uploads\/2022\/12\/Salle-de-bain-Lodge.jpg 300w, https:\/\/www.borddemer-camping.com\/wp-content\/uploads\/2022\/12\/Salle-de-bain-Lodge-181x300.jpg 181w\" sizes=\"(max-width: 300px) 100vw, 300px\" \/><\/figure>\n\n\n\n<figure class=\"wp-block-image size-full\"><img width=\"300\" height=\"437\" src=\"https:\/\/www.borddemer-camping.com\/wp-content\/uploads\/2022\/12\/Cuisine-Tente-Lodge.jpg\" alt=\"\" class=\"wp-image-1002\" srcset=\"https:\/\/www.borddemer-camping.com\/wp-content\/uploads\/2022\/12\/Cuisine-Tente-Lodge.jpg 300w, https:\/\/www.borddemer-camping.com\/wp-content\/uploads\/2022\/12\/Cuisine-Tente-Lodge-206x300.jpg 206w\" sizes=\"(max-width: 300px) 100vw, 300px\" \/><\/figure>\n\n\n\n<figure class=\"wp-block-image size-large\"><img width=\"1024\" height=\"576\" src=\"https:\/\/www.borddemer-camping.com\/wp-content\/uploads\/2022\/12\/Lodge-vue-exterieur-1024x576.jpg\" alt=\"\" class=\"wp-image-1004\" srcset=\"https:\/\/www.borddemer-camping.com\/wp-content\/uploads\/2022\/12\/Lodge-vue-exterieur-1024x576.jpg 1024w, https:\/\/www.borddemer-camping.com\/wp-content\/uploads\/2022\/12\/Lodge-vue-exterieur-300x169.jpg 300w, https:\/\/www.borddemer-camping.com\/wp-content\/uploads\/2022\/12\/Lodge-vue-exterieur-768x432.jpg 768w, https:\/\/www.borddemer-camping.com\/wp-content\/uploads\/2022\/12\/Lodge-vue-exterieur-1536x864.jpg 1536w, https:\/\/www.borddemer-camping.com\/wp-content\/uploads\/2022\/12\/Lodge-vue-exterieur-1920x1080.jpg 1920w, https:\/\/www.borddemer-camping.com\/wp-content\/uploads\/2022\/12\/Lodge-vue-exterieur.jpg 2048w\" sizes=\"(max-width: 1024px) 100vw, 1024px\" \/><\/figure>\n\n\n\n<figure class=\"wp-block-image size-full\"><img width=\"800\" height=\"532\" src=\"https:\/\/www.borddemer-camping.com\/wp-content\/uploads\/2022\/12\/Plan-Lodge-toile-et-bois-2017.jpg\" alt=\"\" class=\"wp-image-1006\" srcset=\"https:\/\/www.borddemer-camping.com\/wp-content\/uploads\/2022\/12\/Plan-Lodge-toile-et-bois-2017.jpg 800w, https:\/\/www.borddemer-camping.com\/wp-content\/uploads\/2022\/12\/Plan-Lodge-toile-et-bois-2017-300x200.jpg 300w, https:\/\/www.borddemer-camping.com\/wp-content\/uploads\/2022\/12\/Plan-Lodge-toile-et-bois-2017-768x511.jpg 768w\" sizes=\"(max-width: 800px) 100vw, 800px\" \/><\/figure>\n<\/figure>\n<\/div>\n<\/div>\n\n\n\n<div class=\"wp-container-69e053f83a267 wp-block-buttons box_resa\">\n<div class=\"wp-block-button btn_resa\"><a class=\"wp-block-button__link\"><i class=\"fas fa-search\"><\/i> Schnell buchen!<\/a><\/div>\n<\/div>\n","protected":false},"excerpt":{"rendered":"<p>Jahrgang 2017 Eco Lodge-Zelt 1 Schlafzimmer mit einem 140 cm breiten Bett 1 Schlafzimmer mit 3 Betten (70 cm breit) (eines davon hochgestellt) Ausgestattete K\u00fcche (K\u00fchlschrank, Gaskochfeld, Mikrowelle, Kaffeemaschine) Sanit\u00e4r Terrasse &amp; Gartenm\u00f6bel Anfang Juli auf dem Campingplatz angekommen, vervollst\u00e4ndigen 5 Lodges das Angebot an Unterk\u00fcnften auf dem Campingplatz du Bord de Mer. Originelles Konzept, [&hellip;]<\/p>\n","protected":false},"author":1,"featured_media":0,"parent":2411,"menu_order":0,"comment_status":"closed","ping_status":"closed","template":"","meta":[],"acf":[],"_links":{"self":[{"href":"https:\/\/www.borddemer-camping.com\/de\/wp-json\/wp\/v2\/pages\/2448"}],"collection":[{"href":"https:\/\/www.borddemer-camping.com\/de\/wp-json\/wp\/v2\/pages"}],"about":[{"href":"https:\/\/www.borddemer-camping.com\/de\/wp-json\/wp\/v2\/types\/page"}],"author":[{"embeddable":true,"href":"https:\/\/www.borddemer-camping.com\/de\/wp-json\/wp\/v2\/users\/1"}],"replies":[{"embeddable":true,"href":"https:\/\/www.borddemer-camping.com\/de\/wp-json\/wp\/v2\/comments?post=2448"}],"version-history":[{"count":3,"href":"https:\/\/www.borddemer-camping.com\/de\/wp-json\/wp\/v2\/pages\/2448\/revisions"}],"predecessor-version":[{"id":3066,"href":"https:\/\/www.borddemer-camping.com\/de\/wp-json\/wp\/v2\/pages\/2448\/revisions\/3066"}],"up":[{"embeddable":true,"href":"https:\/\/www.borddemer-camping.com\/de\/wp-json\/wp\/v2\/pages\/2411"}],"wp:attachment":[{"href":"https:\/\/www.borddemer-camping.com\/de\/wp-json\/wp\/v2\/media?parent=2448"}],"curies":[{"name":"wp","href":"https:\/\/api.w.org\/{rel}","templated":true}]}}