{"id":2450,"date":"2023-12-12T15:57:09","date_gmt":"2023-12-12T14:57:09","guid":{"rendered":"https:\/\/www.borddemer-camping.com\/freizeit\/"},"modified":"2024-08-01T09:47:33","modified_gmt":"2024-08-01T07:47:33","slug":"freizeit","status":"publish","type":"page","link":"https:\/\/www.borddemer-camping.com\/de\/freizeit\/","title":{"rendered":"Freizeit"},"content":{"rendered":"\n<div class=\"wp-block-cover alignfull is-light\"><span aria-hidden=\"true\" class=\"has-background-dim-0 wp-block-cover__gradient-background has-background-dim\"><\/span><img width=\"2560\" height=\"1703\" class=\"wp-block-cover__image-background wp-image-2155\" alt=\"\" src=\"https:\/\/www.borddemer-camping.com\/wp-content\/uploads\/2023\/11\/Pe\u0301tanque-scaled.jpg\" style=\"object-position:44% 42%\" data-object-fit=\"cover\" data-object-position=\"44% 42%\" srcset=\"https:\/\/www.borddemer-camping.com\/wp-content\/uploads\/2023\/11\/Pe\u0301tanque-scaled.jpg 2560w, https:\/\/www.borddemer-camping.com\/wp-content\/uploads\/2023\/11\/Pe\u0301tanque-300x200.jpg 300w, https:\/\/www.borddemer-camping.com\/wp-content\/uploads\/2023\/11\/Pe\u0301tanque-1024x681.jpg 1024w, https:\/\/www.borddemer-camping.com\/wp-content\/uploads\/2023\/11\/Pe\u0301tanque-768x511.jpg 768w, https:\/\/www.borddemer-camping.com\/wp-content\/uploads\/2023\/11\/Pe\u0301tanque-1536x1022.jpg 1536w, https:\/\/www.borddemer-camping.com\/wp-content\/uploads\/2023\/11\/Pe\u0301tanque-2048x1363.jpg 2048w\" sizes=\"(max-width: 2560px) 100vw, 2560px\" \/><div class=\"wp-block-cover__inner-container\">\n<h1 class=\"has-text-align-center\" id=\"notre-camping-a-saint-michel-chef-chef-en-loire-atlantique-les-activites-et-loisirs\">Unser Campingplatz in Saint Michel Chef Chef in der Loire Atlantique: Aktivit\u00e4ten und Freizeitangebote<\/h1>\n\n\n<i class=\"fa-light fa-arrow-down discover\"><\/i>\n<\/div><\/div>\n\n\n\n<div class=\"wp-container-69de2247dcb4f wp-block-group B-05\"><div class=\"wp-block-group__inner-container\">\n<p class=\"deco--texte-1\">Spa\u00df<\/p>\n\n\n\n<h2 class=\"has-text-align-center\" id=\"les-activites-sur-place\">Aktivit\u00e4ten vor Ort<\/h2>\n\n\n\n<p class=\"has-text-align-center titre\">Verbringen Sie einen ruhigen Urlaub<\/p>\n\n\n\n<p class=\"has-text-align-center\">In dieser Saison setzt der <a href=\"https:\/\/www.borddemer-camping.com\/de\/\">Campingplatz du Bord de Mer in Loire Atlantique<\/a> auf Gelassenheit! Es liegt uns am Herzen, Ihnen einen freundlichen Ort zu bieten.<\/p>\n\n\n\n<p class=\"has-text-align-center\">Ein <strong>Kinderspielplatz ist f\u00fcr die ganz Kleinen<\/strong> von 3 bis 8 Jahren reserviert. Eine Tischtennisplatte steht Ihnen in der N\u00e4he des Bouleplatzes zur Verf\u00fcgung. Vergessen Sie nicht, Ihre Boulespiele und Schl\u00e4ger mitzubringen&#8230; (wir k\u00f6nnen Ihnen auch welche leihen). In unserem Mehrzweckraum finden Sie auch einen Tischfu\u00dfball.<\/p>\n\n\n\n<div class=\"wp-block-group lire-plus-mobile\"><div class=\"wp-block-group__inner-container\">\n<p class=\"has-text-align-center\">Lesen Sie mehr<\/p>\n\n\n\n<div class=\"wp-container-69de2247dc393 wp-block-group\"><div class=\"wp-block-group__inner-container\">\n<p class=\"has-text-align-center\">Unser<strong> Mehrzweckraum<\/strong> stellt Ihnen<strong> einen Fernsehraum und eine Bibliothek<\/strong> zur Verf\u00fcgung&#8230; er ist auch der Treffpunkt Ihrer Kinder, die sich dort mit Freunden treffen&#8230; Sie finden dort auch ein wundersch\u00f6nes <a href=\"https:\/\/www.borddemer-camping.com\/de\/wasserraum\/\" data-type=\"page\" data-id=\"737\">beheiztes Hallenbad<\/a>, damit Sie zu jeder Jahreszeit baden k\u00f6nnen.<\/p>\n\n\n\n<p class=\"has-text-align-center\">Wir organisieren dreimal pro Woche in der Mehrzweckhalle Tanz- und Musikabende, Karaoke, Lottos und andere Themenessen! So kann man gemeinsam eine gute Zeit verbringen, Spa\u00df haben und genie\u00dfen.<\/p>\n<\/div><\/div>\n<\/div><\/div>\n\n\n\n<div class=\"wp-container-69de2247dc7b7 wp-block-buttons\">\n<div class=\"wp-block-button is-style-fill btn_resa\"><a class=\"wp-block-button__link\"><i class=\"fa-light fa-search\"><\/i> Buchen<\/a><\/div>\n<\/div>\n\n\n\n<p class=\"deco--texte-2\">Vergn\u00fcgen<\/p>\n<\/div><\/div>\n\n\n\n<div class=\"wp-block-columns B-20 B-20-b\">\n<div class=\"wp-block-column\" style=\"flex-basis:30%\">\n<figure class=\"wp-block-image size-large\"><img width=\"1024\" height=\"531\" src=\"https:\/\/www.borddemer-camping.com\/wp-content\/uploads\/2022\/12\/plage-bord-de-mer-1024x531.jpg\" alt=\"\" class=\"wp-image-770\" srcset=\"https:\/\/www.borddemer-camping.com\/wp-content\/uploads\/2022\/12\/plage-bord-de-mer-1024x531.jpg 1024w, https:\/\/www.borddemer-camping.com\/wp-content\/uploads\/2022\/12\/plage-bord-de-mer-300x156.jpg 300w, https:\/\/www.borddemer-camping.com\/wp-content\/uploads\/2022\/12\/plage-bord-de-mer-768x398.jpg 768w, https:\/\/www.borddemer-camping.com\/wp-content\/uploads\/2022\/12\/plage-bord-de-mer-1536x797.jpg 1536w, https:\/\/www.borddemer-camping.com\/wp-content\/uploads\/2022\/12\/plage-bord-de-mer.jpg 1600w\" sizes=\"(max-width: 1024px) 100vw, 1024px\" \/><\/figure>\n<\/div>\n\n\n\n<div class=\"wp-block-column is-vertically-aligned-center has-bleu-pastel-background-color has-background\" style=\"flex-basis:40%\">\n<p class=\"deco--texte-6\">Entdeckung<\/p>\n\n\n\n<h2 class=\"has-text-align-center\" id=\"les-activites-sur-place\">In der Umgebung<\/h2>\n\n\n\n<p class=\"has-text-align-center titre\">Entdecken Sie die Loire-Atlantique<\/p>\n\n\n\n<p class=\"has-text-align-center\">Die <strong>Loire-Atlantique und ihre gesamte K\u00fcste bieten eine Vielzahl von Aktivit\u00e4ten<\/strong>, die in einer wundersch\u00f6nen Umgebung <strong>durchgef\u00fchrt werden k\u00f6nnen<\/strong>. So k\u00f6nnen Sie bei einem Spaziergang <a href=\"https:\/\/www.borddemer-camping.com\/de\/umgebung\/\">in der Umgebung des Campingplatzes du Bord de Mer<\/a> <strong>am Strand faulenzen<\/strong>, <strong>die nahe gelegenen St\u00e4dte besuchen<\/strong>, <strong>kulturelle Sehensw\u00fcrdigkeiten entdecken<\/strong>, lokale Produkte probieren und vieles mehr.<\/p>\n\n\n\n<div class=\"wp-container-69de2247dcfef wp-block-buttons\">\n<div class=\"wp-block-button is-style-fill btn_resa\"><a class=\"wp-block-button__link\"><i class=\"fa-light fa-search\"><\/i> Buchen<\/a><\/div>\n<\/div>\n<\/div>\n\n\n\n<div class=\"wp-block-column is-vertically-aligned-bottom\" style=\"flex-basis:30%\">\n<figure class=\"wp-block-image size-large\"><img width=\"1024\" height=\"684\" src=\"https:\/\/www.borddemer-camping.com\/wp-content\/uploads\/2022\/12\/plage-rochers-1024x684.jpg\" alt=\"\" class=\"wp-image-772\" srcset=\"https:\/\/www.borddemer-camping.com\/wp-content\/uploads\/2022\/12\/plage-rochers-1024x684.jpg 1024w, https:\/\/www.borddemer-camping.com\/wp-content\/uploads\/2022\/12\/plage-rochers-300x200.jpg 300w, https:\/\/www.borddemer-camping.com\/wp-content\/uploads\/2022\/12\/plage-rochers-768x513.jpg 768w, https:\/\/www.borddemer-camping.com\/wp-content\/uploads\/2022\/12\/plage-rochers-1536x1025.jpg 1536w, https:\/\/www.borddemer-camping.com\/wp-content\/uploads\/2022\/12\/plage-rochers.jpg 2000w\" sizes=\"(max-width: 1024px) 100vw, 1024px\" \/><\/figure>\n<\/div>\n<\/div>\n\n\n\n<div class=\"wp-block-columns B-15 reverse-mob\">\n<div class=\"wp-block-column\" style=\"flex-basis:70%\">\n<figure class=\"wp-block-image size-full\"><img width=\"2000\" height=\"1333\" src=\"https:\/\/www.borddemer-camping.com\/wp-content\/uploads\/2022\/12\/vue-pecheries.jpg\" alt=\"\" class=\"wp-image-774\" srcset=\"https:\/\/www.borddemer-camping.com\/wp-content\/uploads\/2022\/12\/vue-pecheries.jpg 2000w, https:\/\/www.borddemer-camping.com\/wp-content\/uploads\/2022\/12\/vue-pecheries-300x200.jpg 300w, https:\/\/www.borddemer-camping.com\/wp-content\/uploads\/2022\/12\/vue-pecheries-1024x682.jpg 1024w, https:\/\/www.borddemer-camping.com\/wp-content\/uploads\/2022\/12\/vue-pecheries-768x512.jpg 768w, https:\/\/www.borddemer-camping.com\/wp-content\/uploads\/2022\/12\/vue-pecheries-1536x1024.jpg 1536w\" sizes=\"(max-width: 2000px) 100vw, 2000px\" \/><\/figure>\n<\/div>\n\n\n\n<div class=\"wp-block-column is-vertically-aligned-center has-blanc-background-color has-background\">\n<h2 class=\"has-text-align-left\" id=\"itineraires-cyclables-et-randonnees-pedestres\">Rad- und Wanderrouten<\/h2>\n\n\n\n<p class=\"has-text-align-left titre\">Entspannen Sie sich<\/p>\n\n\n\n<p>In <strong>der N\u00e4he des Campingplatzes gibt es Rundwege<\/strong> f\u00fcr Wanderungen und Radtouren zwischen Land und Meer. <a rel=\"noreferrer noopener\" href=\"https:\/\/www.lavelodyssee.com\/\" target=\"_blank\">V\u00e9lodyss\u00e9<\/a>: Teil der Europ\u00e4ischen Fahrradroute Nr. 1, die Norwegen mit Portugal verbindet. Sie verl\u00e4uft ganz in der N\u00e4he des Campingplatzes, durch die Rue Redois gegen\u00fcber der Mediathek. <a rel=\"noreferrer noopener\" href=\"http:\/\/www.ot-pornic.fr\/velocean-pornic-st-michel-chef-chef.html\" target=\"_blank\">V\u00e9loc\u00e9an<\/a>: <strong>40 km Routen, die durch die Gemeinden f\u00fchren<\/strong>. Ab der Rue du redois folgen Sie der V\u00e9loc\u00e9an-Beschilderung mit gr\u00fcnen Pfeilen auf dem Boden in Richtung <a href=\"https:\/\/www.borddemer-camping.com\/camping-la-plaine-sur-mer\/\">La Plaine\/Pornic<\/a>. Sie k\u00f6nnen nach Pr\u00e9failles (8 km), La Pointe Saint Gildas (9 km) oder Pornic (9 km) fahren.<\/p>\n\n\n\n<ul class=\"pictos pictos-liste liste-mob\"><li><i class=\"fa-light fa-cabin\"><\/i> <strong>Rundgang &#8220;Le Tour de la Commune<\/strong> &#8220;: 5,5 Stunden zu Fu\u00df, 22 km<\/li><li><i class=\"fa-light fa-house-night\"><\/i> <strong>Windrad-Rundweg<\/strong>: Ein 7 km langer idyllischer Rundweg mit Radweg bis zum Windrad 5 ab dem Rathaus.<\/li><\/ul>\n<\/div>\n<\/div>\n\n\n\n<div class=\"wp-block-columns B-25\">\n<div class=\"wp-block-column\" style=\"flex-basis:40%\">\n<h2 class=\"has-text-align-left\" id=\"camping-a-saint-michel-chef-chef-bienvenue-au-camping-3-etoiles-du-bord-de-mer\">Die Str\u00e4nde<\/h2>\n\n\n\n<p class=\"has-text-align-left titre\">Ein authentisches Reiseziel<\/p>\n\n\n\n<p>Saint-Michel\/Tharon <strong>an der Jadek\u00fcste bietet 4,5 km feine Sandstr\u00e4nde<\/strong> mit kleinen Buchten und 2 gro\u00dfe Str\u00e4nde, die in der Saison \u00fcberwacht werden: <a href=\"https:\/\/www.borddemer-camping.com\/de\/campingplatz-tharon-plage\/\" data-type=\"page\" data-id=\"1237\">Gro\u00dfer feiner Sandstrand von Tharon-plage<\/a>. Folgen Sie der Promenade Boulevard de l&#8217;Oc\u00e9an, links, wenn Sie den Campingplatz mit dem Auto verlassen, oder gehen Sie weiter \u00fcber den Fu\u00dfg\u00e4ngerweg. Nach einigen kleinen Str\u00e4nden mit Felsen und dem Hafen von Comberge erreichen Sie &#8220;den gro\u00dfen Strand&#8221;.<\/p>\n\n\n\n<p><strong>Strand von Gohaud: Surfen und Body-board<\/strong>. Gehen Sie rechts die K\u00fcste entlang, wenn Sie den Campingplatz verlassen, dann 1. links<\/p>\n\n\n\n<p class=\"deco--texte-3\">Entspannend<\/p>\n<\/div>\n\n\n\n<div class=\"wp-block-column\">\n<figure class=\"wp-block-gallery has-nested-images columns-2 is-cropped diaporama--2\">\n<figure class=\"wp-block-image size-full\"><img width=\"2000\" height=\"1331\" src=\"https:\/\/www.borddemer-camping.com\/wp-content\/uploads\/2022\/12\/chemin-vers-plage.jpg\" alt=\"\" class=\"wp-image-785\" srcset=\"https:\/\/www.borddemer-camping.com\/wp-content\/uploads\/2022\/12\/chemin-vers-plage.jpg 2000w, https:\/\/www.borddemer-camping.com\/wp-content\/uploads\/2022\/12\/chemin-vers-plage-300x200.jpg 300w, https:\/\/www.borddemer-camping.com\/wp-content\/uploads\/2022\/12\/chemin-vers-plage-1024x681.jpg 1024w, https:\/\/www.borddemer-camping.com\/wp-content\/uploads\/2022\/12\/chemin-vers-plage-768x511.jpg 768w, https:\/\/www.borddemer-camping.com\/wp-content\/uploads\/2022\/12\/chemin-vers-plage-1536x1022.jpg 1536w\" sizes=\"(max-width: 2000px) 100vw, 2000px\" \/><\/figure>\n\n\n\n<figure class=\"wp-block-image size-full\"><img width=\"2000\" height=\"1331\" src=\"https:\/\/www.borddemer-camping.com\/wp-content\/uploads\/2022\/12\/plage-sables-fins.jpg\" alt=\"\" class=\"wp-image-760\" srcset=\"https:\/\/www.borddemer-camping.com\/wp-content\/uploads\/2022\/12\/plage-sables-fins.jpg 2000w, https:\/\/www.borddemer-camping.com\/wp-content\/uploads\/2022\/12\/plage-sables-fins-300x200.jpg 300w, https:\/\/www.borddemer-camping.com\/wp-content\/uploads\/2022\/12\/plage-sables-fins-1024x681.jpg 1024w, https:\/\/www.borddemer-camping.com\/wp-content\/uploads\/2022\/12\/plage-sables-fins-768x511.jpg 768w, https:\/\/www.borddemer-camping.com\/wp-content\/uploads\/2022\/12\/plage-sables-fins-1536x1022.jpg 1536w\" sizes=\"(max-width: 2000px) 100vw, 2000px\" \/><\/figure>\n\n\n\n<figure class=\"wp-block-image size-full\"><img width=\"1920\" height=\"1020\" src=\"https:\/\/www.borddemer-camping.com\/wp-content\/uploads\/2022\/12\/banniere-home-borddemer.jpg\" alt=\"\" class=\"wp-image-537\" srcset=\"https:\/\/www.borddemer-camping.com\/wp-content\/uploads\/2022\/12\/banniere-home-borddemer.jpg 1920w, https:\/\/www.borddemer-camping.com\/wp-content\/uploads\/2022\/12\/banniere-home-borddemer-300x159.jpg 300w, https:\/\/www.borddemer-camping.com\/wp-content\/uploads\/2022\/12\/banniere-home-borddemer-1024x544.jpg 1024w, https:\/\/www.borddemer-camping.com\/wp-content\/uploads\/2022\/12\/banniere-home-borddemer-768x408.jpg 768w, https:\/\/www.borddemer-camping.com\/wp-content\/uploads\/2022\/12\/banniere-home-borddemer-1536x816.jpg 1536w\" sizes=\"(max-width: 1920px) 100vw, 1920px\" \/><\/figure>\n\n\n\n<figure class=\"wp-block-image size-full\"><img width=\"2000\" height=\"1335\" src=\"https:\/\/www.borddemer-camping.com\/wp-content\/uploads\/2022\/12\/plage-rochers.jpg\" alt=\"\" class=\"wp-image-772\" srcset=\"https:\/\/www.borddemer-camping.com\/wp-content\/uploads\/2022\/12\/plage-rochers.jpg 2000w, https:\/\/www.borddemer-camping.com\/wp-content\/uploads\/2022\/12\/plage-rochers-300x200.jpg 300w, https:\/\/www.borddemer-camping.com\/wp-content\/uploads\/2022\/12\/plage-rochers-1024x684.jpg 1024w, https:\/\/www.borddemer-camping.com\/wp-content\/uploads\/2022\/12\/plage-rochers-768x513.jpg 768w, https:\/\/www.borddemer-camping.com\/wp-content\/uploads\/2022\/12\/plage-rochers-1536x1025.jpg 1536w\" sizes=\"(max-width: 2000px) 100vw, 2000px\" \/><\/figure>\n<\/figure>\n<\/div>\n<\/div>\n","protected":false},"excerpt":{"rendered":"<p>Spa\u00df Aktivit\u00e4ten vor Ort Verbringen Sie einen ruhigen Urlaub In dieser Saison setzt der Campingplatz du Bord de Mer in Loire Atlantique auf Gelassenheit! Es liegt uns am Herzen, Ihnen einen freundlichen Ort zu bieten. Ein Kinderspielplatz ist f\u00fcr die ganz Kleinen von 3 bis 8 Jahren reserviert. Eine Tischtennisplatte steht Ihnen in der N\u00e4he [&hellip;]<\/p>\n","protected":false},"author":1,"featured_media":0,"parent":0,"menu_order":0,"comment_status":"closed","ping_status":"closed","template":"","meta":[],"acf":[],"_links":{"self":[{"href":"https:\/\/www.borddemer-camping.com\/de\/wp-json\/wp\/v2\/pages\/2450"}],"collection":[{"href":"https:\/\/www.borddemer-camping.com\/de\/wp-json\/wp\/v2\/pages"}],"about":[{"href":"https:\/\/www.borddemer-camping.com\/de\/wp-json\/wp\/v2\/types\/page"}],"author":[{"embeddable":true,"href":"https:\/\/www.borddemer-camping.com\/de\/wp-json\/wp\/v2\/users\/1"}],"replies":[{"embeddable":true,"href":"https:\/\/www.borddemer-camping.com\/de\/wp-json\/wp\/v2\/comments?post=2450"}],"version-history":[{"count":5,"href":"https:\/\/www.borddemer-camping.com\/de\/wp-json\/wp\/v2\/pages\/2450\/revisions"}],"predecessor-version":[{"id":3082,"href":"https:\/\/www.borddemer-camping.com\/de\/wp-json\/wp\/v2\/pages\/2450\/revisions\/3082"}],"wp:attachment":[{"href":"https:\/\/www.borddemer-camping.com\/de\/wp-json\/wp\/v2\/media?parent=2450"}],"curies":[{"name":"wp","href":"https:\/\/api.w.org\/{rel}","templated":true}]}}