{"id":2457,"date":"2023-12-12T16:01:38","date_gmt":"2023-12-12T15:01:38","guid":{"rendered":"https:\/\/www.borddemer-camping.com\/dienste\/"},"modified":"2024-04-03T10:59:40","modified_gmt":"2024-04-03T08:59:40","slug":"dienste","status":"publish","type":"page","link":"https:\/\/www.borddemer-camping.com\/de\/dienste\/","title":{"rendered":"Dienste"},"content":{"rendered":"\n<div class=\"wp-block-cover alignfull is-light\"><span aria-hidden=\"true\" class=\"has-background-dim-0 wp-block-cover__gradient-background has-background-dim\"><\/span><img width=\"2560\" height=\"1703\" class=\"wp-block-cover__image-background wp-image-2152\" alt=\"\" src=\"https:\/\/www.borddemer-camping.com\/wp-content\/uploads\/2023\/11\/Bar-et-de\u0301tente-scaled.jpg\" style=\"object-position:41% 68%\" data-object-fit=\"cover\" data-object-position=\"41% 68%\" srcset=\"https:\/\/www.borddemer-camping.com\/wp-content\/uploads\/2023\/11\/Bar-et-de\u0301tente-scaled.jpg 2560w, https:\/\/www.borddemer-camping.com\/wp-content\/uploads\/2023\/11\/Bar-et-de\u0301tente-300x200.jpg 300w, https:\/\/www.borddemer-camping.com\/wp-content\/uploads\/2023\/11\/Bar-et-de\u0301tente-1024x681.jpg 1024w, https:\/\/www.borddemer-camping.com\/wp-content\/uploads\/2023\/11\/Bar-et-de\u0301tente-768x511.jpg 768w, https:\/\/www.borddemer-camping.com\/wp-content\/uploads\/2023\/11\/Bar-et-de\u0301tente-1536x1022.jpg 1536w, https:\/\/www.borddemer-camping.com\/wp-content\/uploads\/2023\/11\/Bar-et-de\u0301tente-2048x1363.jpg 2048w\" sizes=\"(max-width: 2560px) 100vw, 2560px\" \/><div class=\"wp-block-cover__inner-container\">\n<h1 class=\"has-text-align-center\" id=\"detendez-vous-on-s-occupe-de-vous-services-sur-place\">Entspannen Sie sich, wir k\u00fcmmern uns um Sie : Dienstleistungen vor Ort<\/h1>\n\n\n<i class=\"fa-light fa-arrow-down discover\"><\/i>\n<\/div><\/div>\n\n\n\n<div class=\"wp-container-69f9e97d30c2f wp-block-group B-05\"><div class=\"wp-block-group__inner-container\">\n<p class=\"deco--texte-1\">Wohlbefinden<\/p>\n\n\n\n<h2 class=\"has-text-align-center\" id=\"camping-3-etoiles-a-saint-michel-chef-chef-loire-atlantique\">3-Sterne-Campingplatz in Saint Michel Chef Chef, Loire Atlantique<\/h2>\n\n\n\n<p class=\"has-text-align-center titre\">Urlaub ohne Zwang<\/p>\n\n\n\n<p class=\"has-text-align-center\">In der Saison finden Sie im  <a href=\"https:\/\/www.borddemer-camping.com\/de\/\">3-Sterne-Campingplatz du Bord de Mer<\/a>  alles, was Sie brauchen, um Ihren Aufenthalt zu erleichtern und sch\u00f6ne  <strong>Urlaub in Saint Michel Chef Chef<\/strong>  ohne Zwang: im  <strong>Snackbar<\/strong>Wenn Sie einen kleinen Hunger versp\u00fcren, k\u00f6nnen Sie Muscheln mit Pommes frites essen, ein Eis essen oder mit Freunden oder der Familie etwas trinken gehen,  <strong>unsere Snackbar ist ein gem\u00fctlicher Ort mit einem sch\u00f6nen Blick auf das Meer<\/strong>..!<\/p>\n\n\n\n<div class=\"wp-block-group lire-plus-mobile\"><div class=\"wp-block-group__inner-container\">\n<p class=\"has-text-align-center\">Lesen Sie mehr<\/p>\n\n\n\n<div class=\"wp-container-69f9e97d2d628 wp-block-group\"><div class=\"wp-block-group__inner-container\">\n<p class=\"has-text-align-center\">Wenn Sie nicht kochen wollen und Ihre Mahlzeiten lieber zu Hause, in Ihrer <a href=\"https:\/\/www.borddemer-camping.com\/de\/vermietungen\/\">Ferienunterkunft<\/a> oder in Ihrem <a href=\"https:\/\/www.borddemer-camping.com\/de\/standorte\/\">Zelt<\/a> teilen m\u00f6chten, verw\u00f6hnen Sie sich mit <strong>unseren Gerichten zum Mitnehmen im &#8220;Snack le cabanon les Nivelas&#8221;.<\/strong><\/p>\n\n\n\n<p class=\"has-text-align-center\">Ein <strong>Br\u00f6tchenservice<\/strong> ist ab 9 Uhr an der Rezeption verf\u00fcgbar (Reservierung am Vortag f\u00fcr den n\u00e4chsten Tag erforderlich).<\/p>\n<\/div><\/div>\n<\/div><\/div>\n\n\n\n<div class=\"wp-container-69f9e97d305a5 wp-block-group\"><div class=\"wp-block-group__inner-container\">\n<h2 class=\"has-text-align-center\" id=\"vacances-simples-en-bord-de-mer-en-loire-atlantique\">Genie\u00dfen Sie Ihren Aufenthalt noch mehr, mit unseren optionalen Dienstleistungen :<\/h2>\n\n\n\n<div class=\"wp-container-69f9e97d302a1 wp-block-group pictos liste-mob\">\n<div class=\"wp-container-69f9e97d2d9fa wp-block-group\">\n<i class=\"fa-light fa-bed-front\"><\/i>\n\n\n\n<p><strong>Bezogene Betten<\/strong> bei der Ankunft<\/p>\n<\/div>\n\n\n\n<div class=\"wp-container-69f9e97d2dd41 wp-block-group\">\n<i class=\"fa-light fa-broom\"><\/i>\n\n\n\n<p><strong>Reinigungspauschale<\/strong> am Ende des Aufenthalts<\/p>\n<\/div>\n\n\n\n<div class=\"wp-container-69f9e97d2ff72 wp-block-group\">\n<i class=\"fa-light fa-campground\"><\/i>\n\n\n\n<p><strong>Wahl des Standorts<\/strong> nach Verf\u00fcgbarkeit<\/p>\n<\/div>\n<\/div>\n<\/div><\/div>\n\n\n\n<div class=\"wp-container-69f9e97d3090f wp-block-buttons\">\n<div class=\"wp-block-button is-style-fill btn_resa\"><a class=\"wp-block-button__link\"><i class=\"fa-light fa-search\"><\/i> Buchen<\/a><\/div>\n<\/div>\n\n\n\n<p class=\"deco--texte-2\">Entspannung<\/p>\n<\/div><\/div>\n\n\n\n<div class=\"wp-block-columns B-15\">\n<div class=\"wp-block-column\" style=\"flex-basis:70%\">\n<figure class=\"wp-block-image size-full\"><img width=\"1024\" height=\"640\" src=\"https:\/\/www.borddemer-camping.com\/wp-content\/uploads\/2022\/12\/service-snack.jpg\" alt=\"\" class=\"wp-image-928\" srcset=\"https:\/\/www.borddemer-camping.com\/wp-content\/uploads\/2022\/12\/service-snack.jpg 1024w, https:\/\/www.borddemer-camping.com\/wp-content\/uploads\/2022\/12\/service-snack-300x188.jpg 300w, https:\/\/www.borddemer-camping.com\/wp-content\/uploads\/2022\/12\/service-snack-768x480.jpg 768w\" sizes=\"(max-width: 1024px) 100vw, 1024px\" \/><\/figure>\n<\/div>\n\n\n\n<div class=\"wp-block-column is-vertically-aligned-center has-blanc-background-color has-background\">\n<h2 id=\"vacances-simples-en-bord-de-mer-en-loire-atlantique\">Einfacher Urlaub am Meer in Loire Atlantique<\/h2>\n\n\n\n<p>Diese (optionalen) <strong>Zusatzleistungen <\/strong> werden Ihren Urlaub vereinfachen. Der Campingplatz verf\u00fcgt \u00fcber WLAN auf dem gesamten Gel\u00e4nde: eine kostenpflichtige Leistung von Ihrem Ger\u00e4t aus, indem Sie online per Kreditkarte bezahlen oder ein Ticket, das Sie ebenfalls an der Rezeption kaufen k\u00f6nnen.<\/p>\n\n\n\n<div class=\"wp-container-69f9e97d316c8 wp-block-group pictos liste-mob\">\n<div class=\"wp-container-69f9e97d31090 wp-block-group\">\n<i class=\"fa-light fa-wifi\"><\/i>\n\n\n\n<p>Zugang zu <strong>Wifi<\/strong><\/p>\n<\/div>\n\n\n\n<div class=\"wp-container-69f9e97d313db wp-block-group\">\n<i class=\"fa-light fa-fork-knife\"><\/i>\n\n\n\n<p>Bar &amp; Snack: <strong>le cabanon les Nivelas<\/strong><\/p>\n<\/div>\n<\/div>\n\n\n\n<div class=\"wp-container-69f9e97d31a3c wp-block-buttons\">\n<div class=\"wp-block-button\"><a class=\"wp-block-button__link\" href=\"https:\/\/www.borddemer-camping.com\/wp-content\/uploads\/2023\/06\/WIFI.pdf\" target=\"_blank\" rel=\"noreferrer noopener\">Siehe Verbindungsleitfaden<\/a><\/div>\n\n\n\n<div class=\"wp-block-button\"><a class=\"wp-block-button__link\" href=\"https:\/\/www.borddemer-camping.com\/wp-content\/uploads\/2024\/03\/Carte-Cabanon-Las-nivelas.pdf\" target=\"_blank\" rel=\"noreferrer noopener\">Siehe Men\u00fc<\/a><\/div>\n\n\n\n<div class=\"wp-block-button\"><a class=\"wp-block-button__link\" href=\"https:\/\/www.borddemer-camping.com\/wp-content\/uploads\/2024\/03\/AU-CABANON-LAS-NIVELAS.pdf\" target=\"_blank\" rel=\"noreferrer noopener\">Siehe Gerichte des Vendrei<\/a><\/div>\n<\/div>\n<\/div>\n<\/div>\n\n\n\n<div class=\"wp-block-columns B-20\">\n<div class=\"wp-block-column\" style=\"flex-basis:30%\">\n<figure class=\"wp-block-image size-full\"><img width=\"1024\" height=\"640\" src=\"https:\/\/www.borddemer-camping.com\/wp-content\/uploads\/2022\/12\/sortie-camping.jpg\" alt=\"\" class=\"wp-image-931\" srcset=\"https:\/\/www.borddemer-camping.com\/wp-content\/uploads\/2022\/12\/sortie-camping.jpg 1024w, https:\/\/www.borddemer-camping.com\/wp-content\/uploads\/2022\/12\/sortie-camping-300x188.jpg 300w, https:\/\/www.borddemer-camping.com\/wp-content\/uploads\/2022\/12\/sortie-camping-768x480.jpg 768w\" sizes=\"(max-width: 1024px) 100vw, 1024px\" \/><\/figure>\n<\/div>\n\n\n\n<div class=\"wp-block-column is-vertically-aligned-center has-bleu-pastel-background-color has-background\" style=\"flex-basis:40%\">\n<p class=\"deco--texte-6\">Dekompression<\/p>\n\n\n\n<p class=\"has-text-align-center titre\">Entfliehen Sie<\/p>\n\n\n\n<h2 id=\"les-services-et-equipements-sur-place\">Dienstleistungen und Einrichtungen vor Ort<\/h2>\n\n\n\n<p class=\"has-text-align-center\"><i class=\"fa-light fa-blanket\"><\/i>  Sie k\u00f6nnen <strong>vor Ort Handt\u00fccher, Strandt\u00fccher und Bettw\u00e4sche mieten<\/strong>.<br><i class=\"fa-light fa-grill-hot\"><\/i>  Wir bieten auch individuelle Grills zum Mieten an (aus Sicherheitsgr\u00fcnden sind Kohlegrills auf dem Campingplatz nicht erlaubt).<br><i class=\"fa-light fa-baby\"><\/i>  F\u00fcr Babys gibt es Kinderbetten, Kinderst\u00fchle und Badewannen.<br><i class=\"fa-light fa-dog\"><\/i>  Unsere tierischen Freunde werden mit ihrem Gesundheitszeugnis akzeptiert.<br><i class=\"fa-light fa-spa\"><\/i>  Entspannen Sie sich in der Sauna oder im Massagesalon<\/p>\n\n\n\n<div class=\"wp-container-69f9e97d31e73 wp-block-buttons\">\n<div class=\"wp-block-button\"><a class=\"wp-block-button__link\" href=\"https:\/\/www.borddemer-camping.com\/wp-content\/uploads\/2023\/06\/Fiche-Bien-etre.pdf\" target=\"_blank\" rel=\"noreferrer noopener\">Karteikarte Wohlbefinden ansehen<\/a><\/div>\n<\/div>\n<\/div>\n\n\n\n<div class=\"wp-block-column is-vertically-aligned-bottom\" style=\"flex-basis:30%\">\n<figure class=\"wp-block-image size-full\"><img width=\"1024\" height=\"640\" src=\"https:\/\/www.borddemer-camping.com\/wp-content\/uploads\/2022\/12\/terrasse.jpg\" alt=\"\" class=\"wp-image-933\" srcset=\"https:\/\/www.borddemer-camping.com\/wp-content\/uploads\/2022\/12\/terrasse.jpg 1024w, https:\/\/www.borddemer-camping.com\/wp-content\/uploads\/2022\/12\/terrasse-300x188.jpg 300w, https:\/\/www.borddemer-camping.com\/wp-content\/uploads\/2022\/12\/terrasse-768x480.jpg 768w\" sizes=\"(max-width: 1024px) 100vw, 1024px\" \/><\/figure>\n<\/div>\n<\/div>\n\n\n\n<div class=\"wp-block-columns alignfull B-25 has-bleu-pastel-background-color has-background\">\n<div class=\"wp-block-column is-vertically-aligned-center\" style=\"flex-basis:40%\">\n<p class=\"titre\">W\u00e4schereibereich<\/p>\n\n\n\n<p class=\"has-text-align-left\"><i class=\"fa-light fa-washer\"><\/i>  F\u00fcr die Pflege Ihrer W\u00e4sche stehen Ihnen Waschmaschine, Trockner und B\u00fcgeleisen zur Verf\u00fcgung.<\/p>\n\n\n\n<p>Bei der Buchung k\u00f6nnen Sie optional eine Reiser\u00fccktrittsversicherung w\u00e4hlen.<\/p>\n<\/div>\n\n\n\n<div class=\"wp-block-column\">\n<figure class=\"wp-block-gallery has-nested-images columns-3 is-cropped diaporama--2\">\n<figure class=\"wp-block-image size-full\"><img width=\"1284\" height=\"1585\" src=\"https:\/\/www.borddemer-camping.com\/wp-content\/uploads\/2023\/06\/1-edited-1.jpg\" alt=\"\" class=\"wp-image-1915\" srcset=\"https:\/\/www.borddemer-camping.com\/wp-content\/uploads\/2023\/06\/1-edited-1.jpg 1284w, https:\/\/www.borddemer-camping.com\/wp-content\/uploads\/2023\/06\/1-edited-1-243x300.jpg 243w, https:\/\/www.borddemer-camping.com\/wp-content\/uploads\/2023\/06\/1-edited-1-830x1024.jpg 830w, https:\/\/www.borddemer-camping.com\/wp-content\/uploads\/2023\/06\/1-edited-1-768x948.jpg 768w, https:\/\/www.borddemer-camping.com\/wp-content\/uploads\/2023\/06\/1-edited-1-1244x1536.jpg 1244w\" sizes=\"(max-width: 1284px) 100vw, 1284px\" \/><\/figure>\n\n\n\n<figure class=\"wp-block-image size-full\"><img width=\"1284\" height=\"1200\" src=\"https:\/\/www.borddemer-camping.com\/wp-content\/uploads\/2023\/06\/2-edited-1.jpg\" alt=\"\" class=\"wp-image-1917\" srcset=\"https:\/\/www.borddemer-camping.com\/wp-content\/uploads\/2023\/06\/2-edited-1.jpg 1284w, https:\/\/www.borddemer-camping.com\/wp-content\/uploads\/2023\/06\/2-edited-1-300x280.jpg 300w, https:\/\/www.borddemer-camping.com\/wp-content\/uploads\/2023\/06\/2-edited-1-1024x957.jpg 1024w, https:\/\/www.borddemer-camping.com\/wp-content\/uploads\/2023\/06\/2-edited-1-768x718.jpg 768w\" sizes=\"(max-width: 1284px) 100vw, 1284px\" \/><\/figure>\n\n\n\n<figure class=\"wp-block-image size-full\"><img width=\"1284\" height=\"1656\" src=\"https:\/\/www.borddemer-camping.com\/wp-content\/uploads\/2023\/06\/3.jpg\" alt=\"\" class=\"wp-image-1896\" srcset=\"https:\/\/www.borddemer-camping.com\/wp-content\/uploads\/2023\/06\/3.jpg 1284w, https:\/\/www.borddemer-camping.com\/wp-content\/uploads\/2023\/06\/3-233x300.jpg 233w, https:\/\/www.borddemer-camping.com\/wp-content\/uploads\/2023\/06\/3-794x1024.jpg 794w, https:\/\/www.borddemer-camping.com\/wp-content\/uploads\/2023\/06\/3-768x991.jpg 768w, https:\/\/www.borddemer-camping.com\/wp-content\/uploads\/2023\/06\/3-1191x1536.jpg 1191w\" sizes=\"(max-width: 1284px) 100vw, 1284px\" \/><\/figure>\n\n\n\n<figure class=\"wp-block-image size-full\"><img width=\"2560\" height=\"1833\" src=\"https:\/\/www.borddemer-camping.com\/wp-content\/uploads\/2023\/06\/20230627_120916-1-scaled.jpg\" alt=\"\" class=\"wp-image-1909\" srcset=\"https:\/\/www.borddemer-camping.com\/wp-content\/uploads\/2023\/06\/20230627_120916-1-scaled.jpg 2560w, https:\/\/www.borddemer-camping.com\/wp-content\/uploads\/2023\/06\/20230627_120916-1-300x215.jpg 300w, https:\/\/www.borddemer-camping.com\/wp-content\/uploads\/2023\/06\/20230627_120916-1-1024x733.jpg 1024w, https:\/\/www.borddemer-camping.com\/wp-content\/uploads\/2023\/06\/20230627_120916-1-768x550.jpg 768w, https:\/\/www.borddemer-camping.com\/wp-content\/uploads\/2023\/06\/20230627_120916-1-1536x1100.jpg 1536w, https:\/\/www.borddemer-camping.com\/wp-content\/uploads\/2023\/06\/20230627_120916-1-2048x1466.jpg 2048w\" sizes=\"(max-width: 2560px) 100vw, 2560px\" \/><\/figure>\n<\/figure>\n<\/div>\n<\/div>\n","protected":false},"excerpt":{"rendered":"<p>Wohlbefinden 3-Sterne-Campingplatz in Saint Michel Chef Chef, Loire Atlantique Urlaub ohne Zwang In der Saison finden Sie im 3-Sterne-Campingplatz du Bord de Mer alles, was Sie brauchen, um Ihren Aufenthalt zu erleichtern und sch\u00f6ne Urlaub in Saint Michel Chef Chef ohne Zwang: im SnackbarWenn Sie einen kleinen Hunger versp\u00fcren, k\u00f6nnen Sie Muscheln mit Pommes frites [&hellip;]<\/p>\n","protected":false},"author":1,"featured_media":0,"parent":0,"menu_order":0,"comment_status":"closed","ping_status":"closed","template":"","meta":[],"acf":[],"_links":{"self":[{"href":"https:\/\/www.borddemer-camping.com\/de\/wp-json\/wp\/v2\/pages\/2457"}],"collection":[{"href":"https:\/\/www.borddemer-camping.com\/de\/wp-json\/wp\/v2\/pages"}],"about":[{"href":"https:\/\/www.borddemer-camping.com\/de\/wp-json\/wp\/v2\/types\/page"}],"author":[{"embeddable":true,"href":"https:\/\/www.borddemer-camping.com\/de\/wp-json\/wp\/v2\/users\/1"}],"replies":[{"embeddable":true,"href":"https:\/\/www.borddemer-camping.com\/de\/wp-json\/wp\/v2\/comments?post=2457"}],"version-history":[{"count":5,"href":"https:\/\/www.borddemer-camping.com\/de\/wp-json\/wp\/v2\/pages\/2457\/revisions"}],"predecessor-version":[{"id":2806,"href":"https:\/\/www.borddemer-camping.com\/de\/wp-json\/wp\/v2\/pages\/2457\/revisions\/2806"}],"wp:attachment":[{"href":"https:\/\/www.borddemer-camping.com\/de\/wp-json\/wp\/v2\/media?parent=2457"}],"curies":[{"name":"wp","href":"https:\/\/api.w.org\/{rel}","templated":true}]}}